{"id":326,"date":"2016-03-30T13:19:37","date_gmt":"2016-03-30T13:19:37","guid":{"rendered":"http:\/\/medi-chi.hu\/?page_id=326"},"modified":"2016-03-30T13:28:30","modified_gmt":"2016-03-30T13:28:30","slug":"ful-akupunktura","status":"publish","type":"page","link":"http:\/\/medi-chi.hu\/index.php\/szolgaltatasaink\/ful-akupunktura\/","title":{"rendered":"F\u00fcl akupunkt\u00fara"},"content":{"rendered":"<div id=\"pl-326\"  class=\"panel-layout\" ><div id=\"pg-326-0\"  class=\"panel-grid panel-no-style\" ><div id=\"pgc-326-0-0\"  class=\"panel-grid-cell\" ><div id=\"panel-326-0-0-0\" class=\"so-panel widget widget_sow-editor panel-first-child\" data-index=\"0\" ><div class=\"so-widget-sow-editor so-widget-sow-editor-base\">\n<div class=\"siteorigin-widget-tinymce textwidget\">\n\t<p>A kezel\u00e9s sor\u00e1n a f\u00fcl mint a test teljes holografikus lenyomata ker\u00fcl stimul\u00e1l\u00e1sra t\u0171kkel, vagy elektromosan. Ennek hat\u00e1s\u00e1ra beavatkoz\u00e1s t\u00f6rt\u00e9nik a szervezet energia folyamataiba, mely j\u00f3t\u00e9konyan befoly\u00e1solja az eg\u00e9sz szervezet m\u0171k\u00f6d\u00e9s\u00e9t, gy\u00f3gyul\u00e1s\u00e1t. Az eredm\u00e9ny nagyon gyorsan jelentkezik, a t\u0171 besz\u00far\u00e1s\u00e1t k\u00f6vet\u0151 t\u00edz percen \u00a0bel\u00fcl elkezdi kifejteni pozit\u00edv hat\u00e1s\u00e1t:\u00a0 cs\u00f6kken a f\u00e1jdalom, a kliens megnyugszik, ellazul stb. A kezel\u00e9s biztons\u00e1gos, nincsenek mell\u00e9khat\u00e1sai. <\/p>\n<\/div>\n<\/div><\/div><div id=\"panel-326-0-0-1\" class=\"so-panel widget widget_sow-editor panel-last-child\" data-index=\"1\" ><div class=\"so-widget-sow-editor so-widget-sow-editor-base\"><h3 class=\"widget-title\">Milyen probl\u00e9m\u00e1k eset\u00e9n hat\u00e1sos a f\u00fclakupunkt\u00fara?<\/h3>\n<div class=\"siteorigin-widget-tinymce textwidget\">\n\t<ul>\n<li>a rendszeres kezel\u00e9s seg\u00edthet a gy\u00f3gyul\u00e1sban, a betegs\u00e9g ut\u00e1ni fel\u00e9p\u00fcl\u00e9sben,<img data-attachment-id=\"328\" data-permalink=\"http:\/\/medi-chi.hu\/index.php\/szolgaltatasaink\/ful-akupunktura\/ful\/\" data-orig-file=\"https:\/\/i2.wp.com\/medi-chi.hu\/wp-content\/uploads\/2016\/03\/ful.png?fit=816%2C771\" data-orig-size=\"816,771\" data-comments-opened=\"0\" data-image-meta=\"{&quot;aperture&quot;:&quot;0&quot;,&quot;credit&quot;:&quot;&quot;,&quot;camera&quot;:&quot;&quot;,&quot;caption&quot;:&quot;&quot;,&quot;created_timestamp&quot;:&quot;0&quot;,&quot;copyright&quot;:&quot;&quot;,&quot;focal_length&quot;:&quot;0&quot;,&quot;iso&quot;:&quot;0&quot;,&quot;shutter_speed&quot;:&quot;0&quot;,&quot;title&quot;:&quot;&quot;,&quot;orientation&quot;:&quot;0&quot;}\" data-image-title=\"ful\" data-image-description=\"\" data-medium-file=\"https:\/\/i2.wp.com\/medi-chi.hu\/wp-content\/uploads\/2016\/03\/ful.png?fit=300%2C283\" data-large-file=\"https:\/\/i2.wp.com\/medi-chi.hu\/wp-content\/uploads\/2016\/03\/ful.png?fit=816%2C771\" loading=\"lazy\" class=\" wp-image-328 alignright\" src=\"https:\/\/i2.wp.com\/medi-chi.hu\/wp-content\/uploads\/2016\/03\/ful.png?resize=327%2C308\" alt=\"ful\" width=\"327\" height=\"308\" srcset=\"https:\/\/i2.wp.com\/medi-chi.hu\/wp-content\/uploads\/2016\/03\/ful.png?resize=300%2C283 300w, https:\/\/i2.wp.com\/medi-chi.hu\/wp-content\/uploads\/2016\/03\/ful.png?resize=768%2C726 768w, https:\/\/i2.wp.com\/medi-chi.hu\/wp-content\/uploads\/2016\/03\/ful.png?w=816 816w\" sizes=\"(max-width: 327px) 100vw, 327px\" data-recalc-dims=\"1\" \/><\/li>\n<li>cs\u00f6kkentheti a gy\u00f3gyszerek mell\u00e9khat\u00e1sait,<\/li>\n<li>csillap\u00edtja a szenved\u00e9lybetegs\u00e9gek elvon\u00e1si t\u00fcneteit,<\/li>\n<li>alkalmas doh\u00e1nyz\u00e1sr\u00f3l t\u00f6rt\u00e9n\u0151 leszoktat\u00e1sn\u00e1l,<\/li>\n<li>az alkoholizmus \u00e9s m\u00e1s szenved\u00e9lybetegs\u00e9gek kezel\u00e9sekor hat\u00e9konyan gy\u00f3gy\u00edt,<\/li>\n<li>a\u00a0fogy\u00f3k\u00far\u00e1z\u00f3k sz\u00e1m\u00e1ra eg\u00e9szs\u00e9ges, gyors, mell\u00e9khat\u00e1s mentes ter\u00e1pia<\/li>\n<li>cs\u00f6kkenthet\u0151 az \u00e9tv\u00e1gy, megsz\u00fcntethet\u0151 az \u00e9hs\u00e9g\u00e9rzet, javul az anyagcsere,<\/li>\n<li>alv\u00e1sprobl\u00e9m\u00e1k jav\u00edt\u00e1sa,<\/li>\n<li>\u00e1ltal\u00e1nos energiaszint n\u00f6vel\u00e9se,<\/li>\n<li>stresszold\u00e1s,<\/li>\n<li>m\u00e9regtelen\u00edt\u00e9s,<\/li>\n<li>ked\u00e9ly\u00e1llapot jav\u00edt\u00e1sa,<\/li>\n<li>v\u00e9rnyom\u00e1s stabiliz\u00e1l\u00e1sa.<\/li>\n<\/ul>\n<\/div>\n<\/div><\/div><\/div><\/div><\/div>","protected":false},"excerpt":{"rendered":"<p>A kezel\u00e9s sor\u00e1n a f\u00fcl mint a test teljes holografikus lenyomata ker\u00fcl stimul\u00e1l\u00e1sra t\u0171kkel, vagy elektromosan. Ennek hat\u00e1s\u00e1ra beavatkoz\u00e1s t\u00f6rt\u00e9nik a szervezet energia folyamataiba, mely j\u00f3t\u00e9konyan befoly\u00e1solja az eg\u00e9sz szervezet m\u0171k\u00f6d\u00e9s\u00e9t, gy\u00f3gyul\u00e1s\u00e1t. Az eredm\u00e9ny nagyon gyorsan jelentkezik, a t\u0171 besz\u00far\u00e1s\u00e1t k\u00f6vet\u0151 t\u00edz percen \u00a0bel\u00fcl elkezdi kifejteni pozit\u00edv hat\u00e1s\u00e1t:\u00a0 cs\u00f6kken a f\u00e1jdalom, a kliens megnyugszik, ellazul&hellip;<\/p>\n","protected":false},"author":1,"featured_media":0,"parent":17,"menu_order":0,"comment_status":"closed","ping_status":"closed","template":"","meta":{"spay_email":""},"jetpack_sharing_enabled":true,"jetpack_shortlink":"https:\/\/wp.me\/P7fnlG-5g","jetpack-related-posts":[{"id":141,"url":"http:\/\/medi-chi.hu\/index.php\/szolgaltatasaink\/szolgaltatas1\/","url_meta":{"origin":326,"position":0},"title":"Massz\u00e1zster\u00e1pi\u00e1k","date":"2016-03-22","format":false,"excerpt":"A massz\u00e1zs mindenkinek m\u00e1st jelent.. Minden ember m\u00e1st rem\u00e9l egy kezel\u00e9s sor\u00e1n. Van aki csak a f\u00e1j\u00f3 \u00e9s elgy\u00f6t\u00f6rt izmait befesz\u00fclt \u00edz\u00fcleteit szeretn\u00e9 kilaz\u00edtani, ez a leg \u00e1ltal\u00e1nosabb. Van aki egy kis megnyugv\u00e1st keres mert csak ilyenkor k\u00e9pes r\u00e1. \u00c9s m\u00e9g\u00a0sok\u00e1ig lehetne folytatni a sort\u2026 T\u00e9ny, hogy mai rohan\u00f3 vil\u00e1gunkban\u2026","rel":"","context":"Similar post","img":{"alt_text":"23","src":"https:\/\/i0.wp.com\/medi-chi.hu\/wp-content\/uploads\/2016\/04\/23.jpe?resize=350%2C200","width":350,"height":200},"classes":[]},{"id":17,"url":"http:\/\/medi-chi.hu\/index.php\/szolgaltatasaink\/","url_meta":{"origin":326,"position":1},"title":"Szolg\u00e1ltat\u00e1saink","date":"2016-02-17","format":false,"excerpt":"Massz\u00e9\u00e1zster\u00e1pi\u00e1k Ahogy a stresszt\u0151l kialakulnak fizikai t\u00fcnetek, \u00fagy ezen t\u00fcnetek massz\u00e1zsal t\u00f6rt\u00e9n\u0151 kezel\u00e9se visszafele is hat, \u00e9s ellazults\u00e1got, megnyugv\u00e1st, jobb energia \u00e1raml\u00e1st hoz l\u00e9tre! Tov\u00e1bb Cranio-sacralis ter\u00e1pia A cranio-sacralis ter\u00e1pia egy k\u00fcl\u00f6nlegesen gyeng\u00e9d, m\u00e9gis rendk\u00edv\u00fcli m\u00f3don hat\u00e9kony kezel\u00e9si forma, amely a szervezet \u00f6ngy\u00f3gy\u00edt\u00f3 mechanizmusaira, term\u00e9szetes v\u00e9dekez\u0151k\u00e9pess\u00e9g\u00e9re gyakorol hat\u00e1st, mik\u00f6zben lenyugtatja\u2026","rel":"","context":"Similar post","img":{"alt_text":"","src":"","width":0,"height":0},"classes":[]},{"id":200,"url":"http:\/\/medi-chi.hu\/","url_meta":{"origin":326,"position":2},"title":"Kezd\u0151oldal","date":"2016-03-25","format":false,"excerpt":"\u00a0 \" Csak k\u00e9t nap van az \u00e9vben, mikor semmit sem tehetsz. Az egyik a tegnap, a m\u00e1sik a holnap. Teh\u00e1t csak a ma a megfelel\u0151 nap arra, hogy szeress, hogy higgy \u00e9s els\u0151sorban, hogy \u00e9lj! \" Dalai L\u00e1ma \u00a0 Aj\u00e1nd\u00e9kozzon b\u00e9rletet! R\u00f3lunk: A megszerzett tud\u00e1somat, tapasztalataimat a lehet\u0151 legnagyobb\u2026","rel":"","context":"Similar post","img":{"alt_text":"","src":"https:\/\/i1.wp.com\/medi-chi.hu\/wp-content\/uploads\/2016\/03\/ajandek.png?resize=350%2C200","width":350,"height":200},"classes":[]},{"id":15,"url":"http:\/\/medi-chi.hu\/index.php\/rolunk\/","url_meta":{"origin":326,"position":3},"title":"R\u00f3lunk","date":"2016-02-17","format":false,"excerpt":"\u00a0K\u00f6sz\u00f6ntelek kedves l\u00e1togat\u00f3! Engedd meg, hogy r\u00f6viden bemutatkozzam. Eg\u00e9szen kisgyermekkoromt\u00f3l fogva r\u00e9sz\u00e9t k\u00e9pezte az \u00e9letemnek az a gondolkod\u00e1s m\u00f3d ami miatt most itt vagyok. Vonzottak a megmagyar\u00e1zhatatlan, misztikus dolgok, mindig kerestem a \u201emi\u00e9rtekre\u201d a v\u00e1laszt a dolgok m\u00f6g\u00f6ttes m\u00e9lyebb meg\u00e9rt\u00e9s\u00e9re. Mindig figyeltem \u00e9s mindig \u201egondolkodtam, analiz\u00e1ltam\u201d\u00a0 Igen a logika \u00e9s\u2026","rel":"","context":"Similar post","img":{"alt_text":"","src":"https:\/\/i1.wp.com\/medi-chi.hu\/wp-content\/uploads\/2016\/03\/P1080721-264x300.jpg?resize=350%2C200","width":350,"height":200},"classes":[]}],"_links":{"self":[{"href":"http:\/\/medi-chi.hu\/index.php\/wp-json\/wp\/v2\/pages\/326"}],"collection":[{"href":"http:\/\/medi-chi.hu\/index.php\/wp-json\/wp\/v2\/pages"}],"about":[{"href":"http:\/\/medi-chi.hu\/index.php\/wp-json\/wp\/v2\/types\/page"}],"author":[{"embeddable":true,"href":"http:\/\/medi-chi.hu\/index.php\/wp-json\/wp\/v2\/users\/1"}],"replies":[{"embeddable":true,"href":"http:\/\/medi-chi.hu\/index.php\/wp-json\/wp\/v2\/comments?post=326"}],"version-history":[{"count":3,"href":"http:\/\/medi-chi.hu\/index.php\/wp-json\/wp\/v2\/pages\/326\/revisions"}],"predecessor-version":[{"id":331,"href":"http:\/\/medi-chi.hu\/index.php\/wp-json\/wp\/v2\/pages\/326\/revisions\/331"}],"up":[{"embeddable":true,"href":"http:\/\/medi-chi.hu\/index.php\/wp-json\/wp\/v2\/pages\/17"}],"wp:attachment":[{"href":"http:\/\/medi-chi.hu\/index.php\/wp-json\/wp\/v2\/media?parent=326"}],"curies":[{"name":"wp","href":"https:\/\/api.w.org\/{rel}","templated":true}]}}