{"id":141,"date":"2016-03-22T15:35:08","date_gmt":"2016-03-22T15:35:08","guid":{"rendered":"http:\/\/medi-chi.hu\/?page_id=141"},"modified":"2016-04-18T08:02:40","modified_gmt":"2016-04-18T08:02:40","slug":"szolgaltatas1","status":"publish","type":"page","link":"https:\/\/medi-chi.hu\/index.php\/szolgaltatasaink\/szolgaltatas1\/","title":{"rendered":"Massz\u00e1zster\u00e1pi\u00e1k"},"content":{"rendered":"<div id=\"pl-141\"  class=\"panel-layout\" ><div id=\"pg-141-0\"  class=\"panel-grid panel-no-style\" ><div id=\"pgc-141-0-0\"  class=\"panel-grid-cell\" ><div id=\"panel-141-0-0-0\" class=\"so-panel widget widget_sow-editor panel-first-child\" data-index=\"0\" ><div class=\"so-widget-sow-editor so-widget-sow-editor-base\">\n<div class=\"siteorigin-widget-tinymce textwidget\">\n\t<p>A massz\u00e1zs mindenkinek m\u00e1st jelent.. Minden ember m\u00e1st rem\u00e9l egy kezel\u00e9s sor\u00e1n.<\/p>\n<p>Van aki csak a f\u00e1j\u00f3 \u00e9s elgy\u00f6t\u00f6rt izmait befesz\u00fclt \u00edz\u00fcleteit szeretn\u00e9 kilaz\u00edtani, ez a leg \u00e1ltal\u00e1nosabb. Van aki egy kis megnyugv\u00e1st keres mert csak ilyenkor k\u00e9pes r\u00e1. \u00c9s m\u00e9g\u00a0sok\u00e1ig lehetne folytatni a sort\u2026 T\u00e9ny, hogy mai rohan\u00f3 vil\u00e1gunkban egyre nagyobb sz\u00fcks\u00e9g van a terapeut\u00e1k munk\u00e1j\u00e1ra. Legt\u00f6bbsz\u00f6r az emberek nem k\u00e9pesek egyed\u00fcl megk\u00fczdeni a stresszel, m\u00e9g ha eg\u00e9szs\u00e9ges \u00e9letm\u00f3dot \u00e9s megfelel\u0151 mennyis\u00e9g\u0171 mozg\u00e1st is folytatnak.\u00a0Sajnos id\u0151 \u00e9s er\u0151forr\u00e1s hi\u00e1ny\u00e1ban nem foglalkozunk test\u00fcnk jelz\u00e9seivel \u00e9s m\u00e1r csak akkor\u00a0fordulunk szakemberhez, ha m\u00e1r j\u00f3val nagyobb a probl\u00e9ma. Ilyenkor \u00e1ltal\u00e1ban j\u00f3val t\u00f6bb id\u0151t\u00a0vesz ig\u00e9nybe a kialakult helyzet visszaford\u00edt\u00e1sa. Pedig a massz\u00e1zs a megel\u0151z\u00e9sben is kiv\u00e1l\u00f3!<\/p>\n<p>Ak\u00e1rhogy is, ak\u00e1rmilyen c\u00e9llal \u00e9rkezik meg v\u00e9g\u00fcl az ember a terapeut\u00e1hoz a massz\u00e1zs t\u00f6bb szinten fogja kifejteni a hat\u00e1s\u00e1t m\u00e9g ha nem is sejti. Ahogy a stresszt\u0151l kialakulnak fizikai t\u00fcnetek, \u00fagy ezen t\u00fcnetek massz\u00e1zsal t\u00f6rt\u00e9n\u0151 kezel\u00e9se visszafele is hat, \u00e9s ellazults\u00e1got, megnyugv\u00e1st, jobb energia \u00e1raml\u00e1st hoz l\u00e9tre!\u00a0Az eur\u00f3paiak \u00e9s a t\u00e1vol keletiek gondolkod\u00e1sm\u00f3d elt\u00e9r\u00e9se miatt k\u00fcl\u00f6nb\u00f6z\u0151 m\u00f3don k\u00f6zel\u00edtenek a massz\u00e1zson kereszt\u00fcl a testhez. A hozz\u00e1m fordul\u00f3knak szem\u00e9lyre szabottan, mindk\u00e9t megk\u00f6zel\u00edt\u00e9ssel, vagy ak\u00e1r ezek szint\u00e9zis\u00e9vel is tudok seg\u00edteni!<\/p>\n<p>\u00a0<\/p>\n<\/div>\n<\/div><\/div><div id=\"panel-141-0-0-1\" class=\"so-panel widget widget_sow-image-grid\" data-index=\"1\" ><div class=\"so-widget-sow-image-grid so-widget-sow-image-grid-default-c51e448a0a62\">\t<div class=\"sow-image-grid-wrapper\"\n\t\t\t\t>\n\t\t\t\t\t<div class=\"sow-image-grid-image\">\n\t\t\t\t\t\t\t\t<img width=\"150\" height=\"150\" src=\"https:\/\/medi-chi.hu\/wp-content\/uploads\/2016\/04\/30-150x150.jpe\" class=\"sow-image-grid-image_html\" alt=\"\" loading=\"lazy\" title=\"\" srcset=\"https:\/\/medi-chi.hu\/wp-content\/uploads\/2016\/04\/30-150x150.jpe 150w, https:\/\/i0.wp.com\/medi-chi.hu\/wp-content\/uploads\/2016\/04\/30.jpe?zoom=2&amp;resize=150%2C150 300w, https:\/\/i0.wp.com\/medi-chi.hu\/wp-content\/uploads\/2016\/04\/30.jpe?zoom=3&amp;resize=150%2C150 450w\" sizes=\"(max-width: 150px) 100vw, 150px\" data-attachment-id=\"367\" data-permalink=\"https:\/\/medi-chi.hu\/30\/\" data-orig-file=\"https:\/\/medi-chi.hu\/wp-content\/uploads\/2016\/04\/30.jpe\" data-orig-size=\"610,813\" data-comments-opened=\"0\" data-image-meta=\"{&quot;aperture&quot;:&quot;0&quot;,&quot;credit&quot;:&quot;&quot;,&quot;camera&quot;:&quot;&quot;,&quot;caption&quot;:&quot;&quot;,&quot;created_timestamp&quot;:&quot;0&quot;,&quot;copyright&quot;:&quot;&quot;,&quot;focal_length&quot;:&quot;0&quot;,&quot;iso&quot;:&quot;0&quot;,&quot;shutter_speed&quot;:&quot;0&quot;,&quot;title&quot;:&quot;&quot;,&quot;orientation&quot;:&quot;0&quot;}\" data-image-title=\"30\" data-image-description=\"\" data-medium-file=\"https:\/\/medi-chi.hu\/wp-content\/uploads\/2016\/04\/30-225x300.jpe\" data-large-file=\"https:\/\/medi-chi.hu\/wp-content\/uploads\/2016\/04\/30.jpe\" \/>\t\t\t\t\t\t\t<\/div>\n\t\t\t\t\t<div class=\"sow-image-grid-image\">\n\t\t\t\t\t\t\t\t<img width=\"150\" height=\"150\" src=\"https:\/\/medi-chi.hu\/wp-content\/uploads\/2016\/04\/28-150x150.jpe\" class=\"sow-image-grid-image_html\" alt=\"\" loading=\"lazy\" title=\"\" srcset=\"https:\/\/medi-chi.hu\/wp-content\/uploads\/2016\/04\/28-150x150.jpe 150w, https:\/\/i0.wp.com\/medi-chi.hu\/wp-content\/uploads\/2016\/04\/28.jpe?zoom=2&amp;resize=150%2C150 300w, https:\/\/i0.wp.com\/medi-chi.hu\/wp-content\/uploads\/2016\/04\/28.jpe?zoom=3&amp;resize=150%2C150 450w\" sizes=\"(max-width: 150px) 100vw, 150px\" data-attachment-id=\"365\" data-permalink=\"https:\/\/medi-chi.hu\/28\/\" data-orig-file=\"https:\/\/medi-chi.hu\/wp-content\/uploads\/2016\/04\/28.jpe\" data-orig-size=\"610,813\" data-comments-opened=\"0\" data-image-meta=\"{&quot;aperture&quot;:&quot;0&quot;,&quot;credit&quot;:&quot;&quot;,&quot;camera&quot;:&quot;&quot;,&quot;caption&quot;:&quot;&quot;,&quot;created_timestamp&quot;:&quot;0&quot;,&quot;copyright&quot;:&quot;&quot;,&quot;focal_length&quot;:&quot;0&quot;,&quot;iso&quot;:&quot;0&quot;,&quot;shutter_speed&quot;:&quot;0&quot;,&quot;title&quot;:&quot;&quot;,&quot;orientation&quot;:&quot;0&quot;}\" data-image-title=\"28\" data-image-description=\"\" data-medium-file=\"https:\/\/medi-chi.hu\/wp-content\/uploads\/2016\/04\/28-225x300.jpe\" data-large-file=\"https:\/\/medi-chi.hu\/wp-content\/uploads\/2016\/04\/28.jpe\" \/>\t\t\t\t\t\t\t<\/div>\n\t\t\t\t\t<div class=\"sow-image-grid-image\">\n\t\t\t\t\t\t\t\t<img width=\"150\" height=\"150\" src=\"https:\/\/medi-chi.hu\/wp-content\/uploads\/2016\/04\/13-150x150.jpe\" class=\"sow-image-grid-image_html\" alt=\"\" loading=\"lazy\" title=\"\" srcset=\"https:\/\/medi-chi.hu\/wp-content\/uploads\/2016\/04\/13-150x150.jpe 150w, https:\/\/i2.wp.com\/medi-chi.hu\/wp-content\/uploads\/2016\/04\/13.jpe?zoom=2&amp;resize=150%2C150 300w, https:\/\/i2.wp.com\/medi-chi.hu\/wp-content\/uploads\/2016\/04\/13.jpe?zoom=3&amp;resize=150%2C150 450w\" sizes=\"(max-width: 150px) 100vw, 150px\" data-attachment-id=\"350\" data-permalink=\"https:\/\/medi-chi.hu\/13\/\" data-orig-file=\"https:\/\/medi-chi.hu\/wp-content\/uploads\/2016\/04\/13.jpe\" data-orig-size=\"610,813\" data-comments-opened=\"0\" data-image-meta=\"{&quot;aperture&quot;:&quot;0&quot;,&quot;credit&quot;:&quot;&quot;,&quot;camera&quot;:&quot;&quot;,&quot;caption&quot;:&quot;&quot;,&quot;created_timestamp&quot;:&quot;0&quot;,&quot;copyright&quot;:&quot;&quot;,&quot;focal_length&quot;:&quot;0&quot;,&quot;iso&quot;:&quot;0&quot;,&quot;shutter_speed&quot;:&quot;0&quot;,&quot;title&quot;:&quot;&quot;,&quot;orientation&quot;:&quot;0&quot;}\" data-image-title=\"13\" data-image-description=\"\" data-medium-file=\"https:\/\/medi-chi.hu\/wp-content\/uploads\/2016\/04\/13-225x300.jpe\" data-large-file=\"https:\/\/medi-chi.hu\/wp-content\/uploads\/2016\/04\/13.jpe\" \/>\t\t\t\t\t\t\t<\/div>\n\t\t\t\t\t<div class=\"sow-image-grid-image\">\n\t\t\t\t\t\t\t\t<img width=\"150\" height=\"150\" src=\"https:\/\/medi-chi.hu\/wp-content\/uploads\/2016\/04\/25-150x150.jpe\" class=\"sow-image-grid-image_html\" alt=\"\" loading=\"lazy\" title=\"\" srcset=\"https:\/\/medi-chi.hu\/wp-content\/uploads\/2016\/04\/25-150x150.jpe 150w, https:\/\/i0.wp.com\/medi-chi.hu\/wp-content\/uploads\/2016\/04\/25.jpe?zoom=2&amp;resize=150%2C150 300w, https:\/\/i0.wp.com\/medi-chi.hu\/wp-content\/uploads\/2016\/04\/25.jpe?zoom=3&amp;resize=150%2C150 450w\" sizes=\"(max-width: 150px) 100vw, 150px\" data-attachment-id=\"362\" data-permalink=\"https:\/\/medi-chi.hu\/25-2\/\" data-orig-file=\"https:\/\/medi-chi.hu\/wp-content\/uploads\/2016\/04\/25.jpe\" data-orig-size=\"610,813\" data-comments-opened=\"0\" data-image-meta=\"{&quot;aperture&quot;:&quot;0&quot;,&quot;credit&quot;:&quot;&quot;,&quot;camera&quot;:&quot;&quot;,&quot;caption&quot;:&quot;&quot;,&quot;created_timestamp&quot;:&quot;0&quot;,&quot;copyright&quot;:&quot;&quot;,&quot;focal_length&quot;:&quot;0&quot;,&quot;iso&quot;:&quot;0&quot;,&quot;shutter_speed&quot;:&quot;0&quot;,&quot;title&quot;:&quot;&quot;,&quot;orientation&quot;:&quot;0&quot;}\" data-image-title=\"25\" data-image-description=\"\" data-medium-file=\"https:\/\/medi-chi.hu\/wp-content\/uploads\/2016\/04\/25-225x300.jpe\" data-large-file=\"https:\/\/medi-chi.hu\/wp-content\/uploads\/2016\/04\/25.jpe\" \/>\t\t\t\t\t\t\t<\/div>\n\t\t\t\t\t<div class=\"sow-image-grid-image\">\n\t\t\t\t\t\t\t\t<img width=\"150\" height=\"150\" src=\"https:\/\/medi-chi.hu\/wp-content\/uploads\/2016\/04\/11-150x150.jpe\" class=\"sow-image-grid-image_html\" alt=\"\" loading=\"lazy\" title=\"\" srcset=\"https:\/\/medi-chi.hu\/wp-content\/uploads\/2016\/04\/11-150x150.jpe 150w, https:\/\/i0.wp.com\/medi-chi.hu\/wp-content\/uploads\/2016\/04\/11.jpe?zoom=2&amp;resize=150%2C150 300w, https:\/\/i0.wp.com\/medi-chi.hu\/wp-content\/uploads\/2016\/04\/11.jpe?zoom=3&amp;resize=150%2C150 450w\" sizes=\"(max-width: 150px) 100vw, 150px\" data-attachment-id=\"348\" data-permalink=\"https:\/\/medi-chi.hu\/11\/\" data-orig-file=\"https:\/\/medi-chi.hu\/wp-content\/uploads\/2016\/04\/11.jpe\" data-orig-size=\"610,813\" data-comments-opened=\"0\" data-image-meta=\"{&quot;aperture&quot;:&quot;0&quot;,&quot;credit&quot;:&quot;&quot;,&quot;camera&quot;:&quot;&quot;,&quot;caption&quot;:&quot;&quot;,&quot;created_timestamp&quot;:&quot;0&quot;,&quot;copyright&quot;:&quot;&quot;,&quot;focal_length&quot;:&quot;0&quot;,&quot;iso&quot;:&quot;0&quot;,&quot;shutter_speed&quot;:&quot;0&quot;,&quot;title&quot;:&quot;&quot;,&quot;orientation&quot;:&quot;0&quot;}\" data-image-title=\"11\" data-image-description=\"\" data-medium-file=\"https:\/\/medi-chi.hu\/wp-content\/uploads\/2016\/04\/11-225x300.jpe\" data-large-file=\"https:\/\/medi-chi.hu\/wp-content\/uploads\/2016\/04\/11.jpe\" \/>\t\t\t\t\t\t\t<\/div>\n\t\t\t\t\t<div class=\"sow-image-grid-image\">\n\t\t\t\t\t\t\t\t<img width=\"150\" height=\"150\" src=\"https:\/\/medi-chi.hu\/wp-content\/uploads\/2016\/04\/20-150x150.jpe\" class=\"sow-image-grid-image_html\" alt=\"\" loading=\"lazy\" title=\"\" srcset=\"https:\/\/medi-chi.hu\/wp-content\/uploads\/2016\/04\/20-150x150.jpe 150w, https:\/\/i0.wp.com\/medi-chi.hu\/wp-content\/uploads\/2016\/04\/20.jpe?zoom=2&amp;resize=150%2C150 300w, https:\/\/i0.wp.com\/medi-chi.hu\/wp-content\/uploads\/2016\/04\/20.jpe?zoom=3&amp;resize=150%2C150 450w\" sizes=\"(max-width: 150px) 100vw, 150px\" data-attachment-id=\"357\" data-permalink=\"https:\/\/medi-chi.hu\/20\/\" data-orig-file=\"https:\/\/medi-chi.hu\/wp-content\/uploads\/2016\/04\/20.jpe\" data-orig-size=\"610,813\" data-comments-opened=\"0\" data-image-meta=\"{&quot;aperture&quot;:&quot;0&quot;,&quot;credit&quot;:&quot;&quot;,&quot;camera&quot;:&quot;&quot;,&quot;caption&quot;:&quot;&quot;,&quot;created_timestamp&quot;:&quot;0&quot;,&quot;copyright&quot;:&quot;&quot;,&quot;focal_length&quot;:&quot;0&quot;,&quot;iso&quot;:&quot;0&quot;,&quot;shutter_speed&quot;:&quot;0&quot;,&quot;title&quot;:&quot;&quot;,&quot;orientation&quot;:&quot;0&quot;}\" data-image-title=\"20\" data-image-description=\"\" data-medium-file=\"https:\/\/medi-chi.hu\/wp-content\/uploads\/2016\/04\/20-225x300.jpe\" data-large-file=\"https:\/\/medi-chi.hu\/wp-content\/uploads\/2016\/04\/20.jpe\" \/>\t\t\t\t\t\t\t<\/div>\n\t\t\t<\/div>\n<\/div><\/div><div id=\"panel-141-0-0-2\" class=\"so-panel widget widget_sow-headline\" data-index=\"2\" ><div class=\"so-widget-sow-headline so-widget-sow-headline-default-e66a6d169c4b\"><div class=\"sow-headline-container \">\n\t<h1 class='sow-headline'>Alkalmazott massz\u00e1zst\u00edpusok:<\/h1>\t\t\t\t\t<div class=\"decoration\">\n\t\t\t\t\t\t<div class=\"decoration-inside\"><\/div>\n\t\t\t\t\t<\/div>\n\t\t\t\t\t<\/div><\/div><\/div><div id=\"panel-141-0-0-3\" class=\"so-panel widget widget_sow-editor\" data-index=\"3\" ><div class=\"so-widget-sow-editor so-widget-sow-editor-base\"><h3 class=\"widget-title\">Shiatsu<\/h3>\n<div class=\"siteorigin-widget-tinymce textwidget\">\n\t<p>A shiatsu egy jap\u00e1n, de a hagyom\u00e1nyos k\u00ednai orvosl\u00e1son (HKO) alapul\u00f3 akupressz\u00far\u00e1s massz\u00e1zsfajta. A testben kering\u0151 \u00e9letenergia harmoniz\u00e1l\u00e1s\u00e1ra szolg\u00e1l melyet a HKO-b\u00f3l \u00e1tvett meridi\u00e1n \u00e9s akupunkt\u00far\u00e1s pontok \u00e9rint\u00e9s\u00e9vel \u00e9r el. C\u00e9lja, hogy a meridi\u00e1nokban kering\u0151 \u00e9letenergi\u00e1t (cs\u00edt)\u00a0 egyens\u00falyba hozza. Megsz\u00fcntesse az elakad\u00e1sokat, hi\u00e1nyokat, pang\u00e1sokat, melyek kibillentik egyens\u00faly\u00e1b\u00f3l a szervezetet. Nem t\u00fcneteket kezel, hanem mag\u00e1t az embert.<\/p>\n<p>Mivel egy probl\u00e9ma sem v\u00e1laszthat\u00f3 el az \u201eeg\u00e9szt\u0151l\u201d a teljes testet kezelj\u00fck minden alkalommal. Filoz\u00f3fiai h\u00e1tter\u00e9t a Tao alkotja mely a t\u00e1vol keleten a vil\u00e1g rendez\u0151 \u00e9s ir\u00e1ny\u00edt\u00f3 elve, \u00e1lland\u00f3 v\u00e1ltoz\u00e1st, \u00e9s a v\u00e1ltoz\u00e1shoz sz\u00fcks\u00e9ges k\u00f6rnyezetet, teret hozza l\u00e9tre. Ezt teszi a shiatsu is. A kezel\u00e9s hat\u00e1s\u00e1ra l\u00e9trej\u00f6n a v\u00e1ltoz\u00e1sokhoz sz\u00fcks\u00e9ges k\u00f6rnyezet, teret kapnak az energi\u00e1k az \u00e1talakul\u00e1shoz, v\u00e1ltoz\u00e1shoz. Az \u00e1lland\u00f3an v\u00e1ltoz\u00f3, folyamatosan mozg\u00f3 energi\u00e1kat\u00a0felszabad\u00edtja \u00e9s megteremti nekik a k\u00f6rnyezetet ahhoz, hogy kiegyenl\u00edt\u0151djenek a testben.<\/p>\n<p>A kezel\u00e9s hat\u00e1s\u00e1ra jobb k\u00f6z\u00e9rzet, der\u0171s, optimista lelki\u00e1llapot j\u00f6n l\u00e9tre. A f\u00e1jdalmak cs\u00f6kkennek vagy elt\u0171nnek, a szervek m\u0171k\u00f6d\u00e9se harmonikuss\u00e1 v\u00e1lik. Er\u0151s\u00f6dik a testtudatoss\u00e1g, megtan\u00edt \u00e9rz\u00e9kelni a v\u00e1ltoz\u00e1sokat.<\/p>\n<\/div>\n<\/div><\/div><div id=\"panel-141-0-0-4\" class=\"so-panel widget widget_sow-editor\" data-index=\"4\" ><div class=\"so-widget-sow-editor so-widget-sow-editor-base\"><h3 class=\"widget-title\">Yumeiho<\/h3>\n<div class=\"siteorigin-widget-tinymce textwidget\">\n\t<p>Jap\u00e1n massz\u00e1zsfajta, melynek c\u00e9lja az aszimmetrikus \u00e9s emiatt kibillent, diszharmonikus test \u00fajra struktur\u00e1l\u00e1sa. . Ez\u00e1ltal aktiviz\u00e1lva a szervezet \u00f6ngy\u00f3gy\u00edt\u00f3 folyamatait, hogy megel\u0151zhess\u00fck, vagy a m\u00e1r kialakult probl\u00e9m\u00e1k gy\u00f3gyul\u00e1s\u00e1t el\u0151seg\u00edthess\u00fck.\u00a0Masayuki professzor aki a Yumeiho jelenlegi form\u00e1j\u00e1t megteremtette (Kotsuban Yumeiho)\u00a0azt \u00e1ll\u00edtotta, hogy az emberi test norm\u00e1lis \u00e1llapota a szimmetria \u00e9s b\u00e1r igaz, hogy\u00a0 csaknem minden ember aszimmetrikus , ez az \u00e1llapot m\u00e9gis k\u00f3rosnak tekintend\u0151.\u00a0Az aszimmetria oka a keresztcsonti \u00edz\u00fclet elmozdul\u00e1sa melynek k\u00f6vetkezm\u00e9nyei lehetnek mozg\u00e1sszerv rendszer \u00e9s a bels\u0151 szervek betegs\u00e9gei.\u00a0A Yumeiho gy\u00f6kerei is K\u00edn\u00e1ba vezetnek, eg\u00e9szen pontosan a Shaolin kolostorba tal\u00e1lhat\u00f3k, ahonnan a II. Vil\u00e1gh\u00e1bor\u00fa ut\u00e1n ker\u00fclt Jap\u00e1nba.<\/p>\n<\/div>\n<\/div><\/div><div id=\"panel-141-0-0-5\" class=\"so-panel widget widget_sow-editor panel-last-child\" data-index=\"5\" ><div class=\"so-widget-sow-editor so-widget-sow-editor-base\"><h3 class=\"widget-title\">Sv\u00e9dmassz\u00e1zs<\/h3>\n<div class=\"siteorigin-widget-tinymce textwidget\">\n\t<p>A Sv\u00e9dmassz\u00e1zs\u00a0 Eur\u00f3p\u00e1ban az\u00a0egyik \u00a0legelterjedtebb Massz\u00e1zs fajta. Ez az alapja a\u00a0gy\u00f3gy massz\u00e1zsnak, sportmassz\u00e1zsnak \u00e9s,szegment massz\u00e1zsnak\u00a0is.<\/p>\n<p>A sv\u00e9d massz\u00e1zs\u00a0k\u00e9zzel\u00a0v\u00e9gzett, az emberi szervezetet mechanikai ingerek \u00e1ltal befoly\u00e1sol\u00f3 kezel\u00e9si technika. Egyes keleti massz\u00e1zsokt\u00f3l elt\u00e9r\u0151en k\u00f6zvetlen\u00a0fiziol\u00f3giai\u00a0hat\u00e1sokra \u00e9p\u00edt, \u00e1m a szem\u00e9lyes t\u00f6r\u0151d\u00e9s \u00e9rzete a lelki eg\u00e9szs\u00e9gnek is j\u00f3t tesz. A massz\u00e1zst ruh\u00e1tlan testfel\u00fcleten, viv\u0151anyaggal (olaj) vagy an\u00e9lk\u00fcl v\u00e9gzik. Az \u00e9ppen nem kezelt testr\u00e9szeket betakarj\u00e1k. A vend\u00e9g jellemz\u0151en\u00a0massz\u00e1zs\u00e1gyon\u00a0fekszik vagy\u00a0massz\u00e1zssz\u00e9ken\u00a0\u00fcl. Lehet massz\u00edrozni k\u00f6z\u00f6ns\u00e9ges \u00e1gyon \u00e9s f\u00f6ld\u00f6n is. Egy teljes testmassz\u00e1zs kb. egy \u00f3r\u00e1t tart. Egyidej\u0171leg \u00e1ltal\u00e1ban csak valamely ter\u00fclet massz\u00e1zs\u00e1ra ker\u00fcl sor, amit r\u00e9szmassz\u00e1zsnak nevez\u00fcnk. Ezek k\u00f6z\u00fcl els\u0151 helyen a h\u00e1tmassz\u00e1zst eml\u00edtj\u00fck, mivel az a leggyakoribb.<\/p>\n<\/div>\n<\/div><\/div><\/div><\/div><\/div>","protected":false},"excerpt":{"rendered":"<p>A massz\u00e1zs mindenkinek m\u00e1st jelent.. Minden ember m\u00e1st rem\u00e9l egy kezel\u00e9s sor\u00e1n.Van aki csak a f\u00e1j\u00f3 \u00e9s elgy\u00f6t\u00f6rt izmait befesz\u00fclt \u00edz\u00fcleteit szeretn\u00e9 kilaz\u00edtani, ez a leg \u00e1ltal\u00e1nosabb. Van aki egy kis megnyugv\u00e1st keres mert csak ilyenkor k\u00e9pes r\u00e1. \u00c9s m\u00e9g\u00a0sok\u00e1ig lehetne folytatni a sort\u2026 T\u00e9ny, hogy mai rohan\u00f3 vil\u00e1gunkban egyre nagyobb sz\u00fcks\u00e9g van a terapeut\u00e1k&hellip;<\/p>\n","protected":false},"author":1,"featured_media":0,"parent":17,"menu_order":0,"comment_status":"closed","ping_status":"closed","template":"","meta":{"spay_email":""},"jetpack_sharing_enabled":true,"jetpack_shortlink":"https:\/\/wp.me\/P7fnlG-2h","jetpack-related-posts":[{"id":15,"url":"https:\/\/medi-chi.hu\/index.php\/rolunk\/","url_meta":{"origin":141,"position":0},"title":"R\u00f3lunk","date":"2016-02-17","format":false,"excerpt":"\u00a0K\u00f6sz\u00f6ntelek kedves l\u00e1togat\u00f3! Engedd meg, hogy r\u00f6viden bemutatkozzam. Eg\u00e9szen kisgyermekkoromt\u00f3l fogva r\u00e9sz\u00e9t k\u00e9pezte az \u00e9letemnek az a gondolkod\u00e1s m\u00f3d ami miatt most itt vagyok. Vonzottak a megmagyar\u00e1zhatatlan, misztikus dolgok, mindig kerestem a \u201emi\u00e9rtekre\u201d a v\u00e1laszt a dolgok m\u00f6g\u00f6ttes m\u00e9lyebb meg\u00e9rt\u00e9s\u00e9re. Mindig figyeltem \u00e9s mindig \u201egondolkodtam, analiz\u00e1ltam\u201d\u00a0 Igen a logika \u00e9s\u2026","rel":"","context":"Similar post","img":{"alt_text":"","src":"https:\/\/i1.wp.com\/medi-chi.hu\/wp-content\/uploads\/2016\/03\/P1080721-264x300.jpg?resize=350%2C200","width":350,"height":200},"classes":[]},{"id":200,"url":"https:\/\/medi-chi.hu\/","url_meta":{"origin":141,"position":1},"title":"Kezd\u0151oldal","date":"2016-03-25","format":false,"excerpt":"\u00a0 \" Csak k\u00e9t nap van az \u00e9vben, mikor semmit sem tehetsz. Az egyik a tegnap, a m\u00e1sik a holnap. Teh\u00e1t csak a ma a megfelel\u0151 nap arra, hogy szeress, hogy higgy \u00e9s els\u0151sorban, hogy \u00e9lj! \" Dalai L\u00e1ma \u00a0 Aj\u00e1nd\u00e9kozzon b\u00e9rletet! R\u00f3lunk: A megszerzett tud\u00e1somat, tapasztalataimat a lehet\u0151 legnagyobb\u2026","rel":"","context":"Similar post","img":{"alt_text":"","src":"https:\/\/i1.wp.com\/medi-chi.hu\/wp-content\/uploads\/2016\/03\/ajandek.png?resize=350%2C200","width":350,"height":200},"classes":[]},{"id":17,"url":"https:\/\/medi-chi.hu\/index.php\/szolgaltatasaink\/","url_meta":{"origin":141,"position":2},"title":"Szolg\u00e1ltat\u00e1saink","date":"2016-02-17","format":false,"excerpt":"Massz\u00e9\u00e1zster\u00e1pi\u00e1k Ahogy a stresszt\u0151l kialakulnak fizikai t\u00fcnetek, \u00fagy ezen t\u00fcnetek massz\u00e1zsal t\u00f6rt\u00e9n\u0151 kezel\u00e9se visszafele is hat, \u00e9s ellazults\u00e1got, megnyugv\u00e1st, jobb energia \u00e1raml\u00e1st hoz l\u00e9tre! Tov\u00e1bb Cranio-sacralis ter\u00e1pia A cranio-sacralis ter\u00e1pia egy k\u00fcl\u00f6nlegesen gyeng\u00e9d, m\u00e9gis rendk\u00edv\u00fcli m\u00f3don hat\u00e9kony kezel\u00e9si forma, amely a szervezet \u00f6ngy\u00f3gy\u00edt\u00f3 mechanizmusaira, term\u00e9szetes v\u00e9dekez\u0151k\u00e9pess\u00e9g\u00e9re gyakorol hat\u00e1st, mik\u00f6zben lenyugtatja\u2026","rel":"","context":"Similar post","img":{"alt_text":"","src":"","width":0,"height":0},"classes":[]}],"_links":{"self":[{"href":"https:\/\/medi-chi.hu\/index.php\/wp-json\/wp\/v2\/pages\/141"}],"collection":[{"href":"https:\/\/medi-chi.hu\/index.php\/wp-json\/wp\/v2\/pages"}],"about":[{"href":"https:\/\/medi-chi.hu\/index.php\/wp-json\/wp\/v2\/types\/page"}],"author":[{"embeddable":true,"href":"https:\/\/medi-chi.hu\/index.php\/wp-json\/wp\/v2\/users\/1"}],"replies":[{"embeddable":true,"href":"https:\/\/medi-chi.hu\/index.php\/wp-json\/wp\/v2\/comments?post=141"}],"version-history":[{"count":6,"href":"https:\/\/medi-chi.hu\/index.php\/wp-json\/wp\/v2\/pages\/141\/revisions"}],"predecessor-version":[{"id":370,"href":"https:\/\/medi-chi.hu\/index.php\/wp-json\/wp\/v2\/pages\/141\/revisions\/370"}],"up":[{"embeddable":true,"href":"https:\/\/medi-chi.hu\/index.php\/wp-json\/wp\/v2\/pages\/17"}],"wp:attachment":[{"href":"https:\/\/medi-chi.hu\/index.php\/wp-json\/wp\/v2\/media?parent=141"}],"curies":[{"name":"wp","href":"https:\/\/api.w.org\/{rel}","templated":true}]}}