{"id":177,"date":"2016-03-24T12:03:38","date_gmt":"2016-03-24T12:03:38","guid":{"rendered":"http:\/\/medi-chi.hu\/?page_id=177"},"modified":"2016-03-31T06:56:20","modified_gmt":"2016-03-31T06:56:20","slug":"a-chikung-taichi","status":"publish","type":"page","link":"https:\/\/medi-chi.hu\/index.php\/szolgaltatasaink\/a-chikung-taichi\/","title":{"rendered":"A chikung-taichi"},"content":{"rendered":"<div id=\"pl-177\"  class=\"panel-layout\" ><div id=\"pg-177-0\"  class=\"panel-grid panel-no-style\" ><div id=\"pgc-177-0-0\"  class=\"panel-grid-cell\" ><div id=\"panel-177-0-0-0\" class=\"so-panel widget widget_sow-editor panel-first-child panel-last-child\" data-index=\"0\" ><div class=\"so-widget-sow-editor so-widget-sow-editor-base\"><h3 class=\"widget-title\">A chikung-taichi (taiji qigong)<\/h3>\n<div class=\"siteorigin-widget-tinymce textwidget\">\n\t<p>Ez az \u0151si, hajdan titkos gyakorlat\u00a0chikung\u00a0\u00e9s\u00a0taichi\u00a0form\u00e1k k\u00fcl\u00f6nleges \u00f6tv\u00f6zete. Egy tradicion\u00e1lis k\u00ednai bels\u0151energia fejleszt\u0151 mozg\u00e1ssor, amely a t\u00f6bbi st\u00edlusokkal egyetemben\u00a0buddhista\u00a0\u00e9s\u00a0taoista\u00a0alapokra \u00e9p\u00fcl. A Tang dinasztia idej\u00e9n \u00e9lt, 618-ban elhunyt, k\u00fcl\u00f6nleges k\u00e9pess\u00e9gekkel b\u00edr\u00f3 h\u00edres taoista szerzetes Xu Xuanping tan\u00edtotta els\u0151 \u00edzben nyilv\u00e1nosan.\u00a0<\/p>\n<p> Alapelvei \u00e9s c\u00e9lja megegyezik a statikus chikung\u00e9val, de nehezebb a kivitelez\u00e9se. Nyugtatja a szellemet, szab\u00e1lyozza a chi-t, kombin\u00e1lja a mozg\u00e1st \u00e9s a nyugalmat, l\u00e9trehozza a testfelsz\u00edn \u00e9s a bels\u0151 szervek, a k\u00fcls\u0151 mozg\u00e1s \u00e9s bels\u0151 b\u00e9ke, az er\u0151 \u00e9s a szel\u00edds\u00e9g harm\u00f3ni\u00e1j\u00e1t. A 15 forma n\u00e9melyike egyes \u00e1llatok jellemz\u0151 mozdulataihoz hasonl\u00f3 mozg\u00e1st, \u00e9s term\u00e9szeti jelens\u00e9gekkel val\u00f3 kapcsolatba l\u00e9p\u00e9st tartalmaz. Term\u00e9szetes hogy ha egy \u00e1llat \u00e9letben akar maradni a vadonban, akkor \u00f6szt\u00f6n\u00f6sen tudja, hogyan v\u00e9dheti meg test\u00e9t. Az \u00f6szt\u00f6n egy r\u00e9sze a chi fel\u00e9p\u00edt\u00e9s\u00e9vel foglalkozik \u00e9s meg\u00f3vja az elsziv\u00e1rg\u00e1st\u00f3l. Mi emberek m\u00e1r elvesz\u00edtett\u00fck ezeknek az \u00f6szt\u00f6n\u00f6knek nagy h\u00e1nyad\u00e1t a term\u00e9szett\u0151l elk\u00fcl\u00f6n\u00fclve t\u00f6lt\u00f6tt \u00e9vek alatt.\u00a0<\/p>\n<p> A mozg\u00e1sos gyakorlatot egyfajta meditat\u00edv \u00e1llapotban, egy stabil alap l\u00e9trehoz\u00e1sa ut\u00e1n megfelel\u0151 l\u00e9gz\u00e9s alkalmaz\u00e1s\u00e1val v\u00e9gzik. Ez term\u00e9szetesen csak kitart\u00f3 gyakorl\u00e1ssal megszerzett j\u00e1rtass\u00e1g ut\u00e1n alkalmazhat\u00f3. Nagy hangs\u00faly helyez\u0151dik a test \u00e9s az elme ellazul\u00e1s\u00e1ra. Els\u0151sorban a gy\u00f3gyul\u00e1st, a betegs\u00e9gek megel\u0151z\u00e9s\u00e9t, az \u00e9let meghosszabb\u00edt\u00e1s\u00e1t, a bels\u0151 harm\u00f3ni\u00e1t szolg\u00e1lja, \u00e9s jelent\u0151s m\u00e9rt\u00e9kben n\u00f6veli az immunrendszer hat\u00e9konys\u00e1g\u00e1t. Mindezek mellett kiemelked\u0151 fontoss\u00e1ggal b\u00edr a ma embere sz\u00e1m\u00e1ra, egy magas szint\u0171 stresszt\u0171r\u0151k\u00e9pess\u00e9g el\u00e9r\u00e9s\u00e9nek lehet\u0151s\u00e9ge.\u00a0<\/p>\n<p> A chikung sz\u00e1mtalan k\u00fcl\u00f6nf\u00e9le fajt\u00e1ja ismeretes. L\u00e9teznek \u0151si form\u00e1i, melyek nemzed\u00e9kr\u0151l nemzed\u00e9kre, mesterr\u0151l tan\u00edtv\u00e1nyra sz\u00e1lltak. Vannak olyan technik\u00e1k, melyeket az id\u0151k sor\u00e1n folyamatosan fejlesztettek, m\u00f3dos\u00edtottak, ennek megfelel\u0151en sok mester megteremtette saj\u00e1t st\u00edlus\u00e1t. Az alapelvek azonban minden st\u00edlusban azonosak, \u00e9s az \u0151si gy\u00f6kerekb\u0151l erednek, csak gyakorlati alkalmaz\u00e1suk t\u00e9r el egym\u00e1st\u00f3l. \u00c1ltal\u00e1noss\u00e1gban k\u00e9tf\u00e9le gyakorl\u00e1si m\u00f3dszert k\u00fcl\u00f6nb\u00f6ztet\u00fcnk meg:\u00a0waidan\u00a0\u00e9s\u00a0neidan\u00a0chikungot<\/p>\n<\/div>\n<\/div><\/div><\/div><\/div><\/div>","protected":false},"excerpt":{"rendered":"<p>Ez az \u0151si, hajdan titkos gyakorlat\u00a0chikung\u00a0\u00e9s\u00a0taichi\u00a0form\u00e1k k\u00fcl\u00f6nleges \u00f6tv\u00f6zete. Egy tradicion\u00e1lis k\u00ednai bels\u0151energia fejleszt\u0151 mozg\u00e1ssor, amely a t\u00f6bbi st\u00edlusokkal egyetemben\u00a0buddhista\u00a0\u00e9s\u00a0taoista\u00a0alapokra \u00e9p\u00fcl. A Tang dinasztia idej\u00e9n \u00e9lt, 618-ban elhunyt, k\u00fcl\u00f6nleges k\u00e9pess\u00e9gekkel b\u00edr\u00f3 h\u00edres taoista szerzetes Xu Xuanping tan\u00edtotta els\u0151 \u00edzben nyilv\u00e1nosan.\u00a0 Alapelvei \u00e9s c\u00e9lja megegyezik a statikus chikung\u00e9val, de nehezebb a kivitelez\u00e9se. Nyugtatja a szellemet, szab\u00e1lyozza a&hellip;<\/p>\n","protected":false},"author":1,"featured_media":0,"parent":17,"menu_order":0,"comment_status":"closed","ping_status":"closed","template":"","meta":{"spay_email":""},"jetpack_sharing_enabled":true,"jetpack_shortlink":"https:\/\/wp.me\/P7fnlG-2R","jetpack-related-posts":[{"id":17,"url":"https:\/\/medi-chi.hu\/index.php\/szolgaltatasaink\/","url_meta":{"origin":177,"position":0},"title":"Szolg\u00e1ltat\u00e1saink","date":"2016-02-17","format":false,"excerpt":"Massz\u00e9\u00e1zster\u00e1pi\u00e1k Ahogy a stresszt\u0151l kialakulnak fizikai t\u00fcnetek, \u00fagy ezen t\u00fcnetek massz\u00e1zsal t\u00f6rt\u00e9n\u0151 kezel\u00e9se visszafele is hat, \u00e9s ellazults\u00e1got, megnyugv\u00e1st, jobb energia \u00e1raml\u00e1st hoz l\u00e9tre! Tov\u00e1bb Cranio-sacralis ter\u00e1pia A cranio-sacralis ter\u00e1pia egy k\u00fcl\u00f6nlegesen gyeng\u00e9d, m\u00e9gis rendk\u00edv\u00fcli m\u00f3don hat\u00e9kony kezel\u00e9si forma, amely a szervezet \u00f6ngy\u00f3gy\u00edt\u00f3 mechanizmusaira, term\u00e9szetes v\u00e9dekez\u0151k\u00e9pess\u00e9g\u00e9re gyakorol hat\u00e1st, mik\u00f6zben lenyugtatja\u2026","rel":"","context":"Similar post","img":{"alt_text":"","src":"","width":0,"height":0},"classes":[]},{"id":200,"url":"https:\/\/medi-chi.hu\/","url_meta":{"origin":177,"position":1},"title":"Kezd\u0151oldal","date":"2016-03-25","format":false,"excerpt":"\u00a0 \" Csak k\u00e9t nap van az \u00e9vben, mikor semmit sem tehetsz. Az egyik a tegnap, a m\u00e1sik a holnap. Teh\u00e1t csak a ma a megfelel\u0151 nap arra, hogy szeress, hogy higgy \u00e9s els\u0151sorban, hogy \u00e9lj! \" Dalai L\u00e1ma \u00a0 Aj\u00e1nd\u00e9kozzon b\u00e9rletet! R\u00f3lunk: A megszerzett tud\u00e1somat, tapasztalataimat a lehet\u0151 legnagyobb\u2026","rel":"","context":"Similar post","img":{"alt_text":"","src":"https:\/\/i1.wp.com\/medi-chi.hu\/wp-content\/uploads\/2016\/03\/ajandek.png?resize=350%2C200","width":350,"height":200},"classes":[]},{"id":15,"url":"https:\/\/medi-chi.hu\/index.php\/rolunk\/","url_meta":{"origin":177,"position":2},"title":"R\u00f3lunk","date":"2016-02-17","format":false,"excerpt":"\u00a0K\u00f6sz\u00f6ntelek kedves l\u00e1togat\u00f3! Engedd meg, hogy r\u00f6viden bemutatkozzam. Eg\u00e9szen kisgyermekkoromt\u00f3l fogva r\u00e9sz\u00e9t k\u00e9pezte az \u00e9letemnek az a gondolkod\u00e1s m\u00f3d ami miatt most itt vagyok. Vonzottak a megmagyar\u00e1zhatatlan, misztikus dolgok, mindig kerestem a \u201emi\u00e9rtekre\u201d a v\u00e1laszt a dolgok m\u00f6g\u00f6ttes m\u00e9lyebb meg\u00e9rt\u00e9s\u00e9re. Mindig figyeltem \u00e9s mindig \u201egondolkodtam, analiz\u00e1ltam\u201d\u00a0 Igen a logika \u00e9s\u2026","rel":"","context":"Similar post","img":{"alt_text":"","src":"https:\/\/i1.wp.com\/medi-chi.hu\/wp-content\/uploads\/2016\/03\/P1080721-264x300.jpg?resize=350%2C200","width":350,"height":200},"classes":[]},{"id":141,"url":"https:\/\/medi-chi.hu\/index.php\/szolgaltatasaink\/szolgaltatas1\/","url_meta":{"origin":177,"position":3},"title":"Massz\u00e1zster\u00e1pi\u00e1k","date":"2016-03-22","format":false,"excerpt":"A massz\u00e1zs mindenkinek m\u00e1st jelent.. Minden ember m\u00e1st rem\u00e9l egy kezel\u00e9s sor\u00e1n. Van aki csak a f\u00e1j\u00f3 \u00e9s elgy\u00f6t\u00f6rt izmait befesz\u00fclt \u00edz\u00fcleteit szeretn\u00e9 kilaz\u00edtani, ez a leg \u00e1ltal\u00e1nosabb. Van aki egy kis megnyugv\u00e1st keres mert csak ilyenkor k\u00e9pes r\u00e1. \u00c9s m\u00e9g\u00a0sok\u00e1ig lehetne folytatni a sort\u2026 T\u00e9ny, hogy mai rohan\u00f3 vil\u00e1gunkban\u2026","rel":"","context":"Similar post","img":{"alt_text":"23","src":"https:\/\/i0.wp.com\/medi-chi.hu\/wp-content\/uploads\/2016\/04\/23.jpe?resize=350%2C200","width":350,"height":200},"classes":[]},{"id":326,"url":"https:\/\/medi-chi.hu\/index.php\/szolgaltatasaink\/ful-akupunktura\/","url_meta":{"origin":177,"position":4},"title":"F\u00fcl akupunkt\u00fara","date":"2016-03-30","format":false,"excerpt":"A kezel\u00e9s sor\u00e1n a f\u00fcl mint a test teljes holografikus lenyomata ker\u00fcl stimul\u00e1l\u00e1sra t\u0171kkel, vagy elektromosan. Ennek hat\u00e1s\u00e1ra beavatkoz\u00e1s t\u00f6rt\u00e9nik a szervezet energia folyamataiba, mely j\u00f3t\u00e9konyan befoly\u00e1solja az eg\u00e9sz szervezet m\u0171k\u00f6d\u00e9s\u00e9t, gy\u00f3gyul\u00e1s\u00e1t. Az eredm\u00e9ny nagyon gyorsan jelentkezik, a t\u0171 besz\u00far\u00e1s\u00e1t k\u00f6vet\u0151 t\u00edz percen \u00a0bel\u00fcl elkezdi kifejteni pozit\u00edv hat\u00e1s\u00e1t:\u00a0 cs\u00f6kken a\u2026","rel":"","context":"Similar post","img":{"alt_text":"","src":"https:\/\/i2.wp.com\/medi-chi.hu\/wp-content\/uploads\/2016\/03\/ful-300x283.png?resize=350%2C200","width":350,"height":200},"classes":[]}],"_links":{"self":[{"href":"https:\/\/medi-chi.hu\/index.php\/wp-json\/wp\/v2\/pages\/177"}],"collection":[{"href":"https:\/\/medi-chi.hu\/index.php\/wp-json\/wp\/v2\/pages"}],"about":[{"href":"https:\/\/medi-chi.hu\/index.php\/wp-json\/wp\/v2\/types\/page"}],"author":[{"embeddable":true,"href":"https:\/\/medi-chi.hu\/index.php\/wp-json\/wp\/v2\/users\/1"}],"replies":[{"embeddable":true,"href":"https:\/\/medi-chi.hu\/index.php\/wp-json\/wp\/v2\/comments?post=177"}],"version-history":[{"count":2,"href":"https:\/\/medi-chi.hu\/index.php\/wp-json\/wp\/v2\/pages\/177\/revisions"}],"predecessor-version":[{"id":341,"href":"https:\/\/medi-chi.hu\/index.php\/wp-json\/wp\/v2\/pages\/177\/revisions\/341"}],"up":[{"embeddable":true,"href":"https:\/\/medi-chi.hu\/index.php\/wp-json\/wp\/v2\/pages\/17"}],"wp:attachment":[{"href":"https:\/\/medi-chi.hu\/index.php\/wp-json\/wp\/v2\/media?parent=177"}],"curies":[{"name":"wp","href":"https:\/\/api.w.org\/{rel}","templated":true}]}}