{"id":179,"date":"2016-03-24T12:27:24","date_gmt":"2016-03-24T12:27:24","guid":{"rendered":"http:\/\/medi-chi.hu\/?page_id=179"},"modified":"2016-03-24T12:27:24","modified_gmt":"2016-03-24T12:27:24","slug":"mi-a-chi-kung","status":"publish","type":"page","link":"https:\/\/medi-chi.hu\/index.php\/szolgaltatasaink\/a-chikung-taichi\/mi-a-chi-kung\/","title":{"rendered":"Mi a Chi Kung"},"content":{"rendered":"<div id=\"pl-179\"  class=\"panel-layout\" ><div id=\"pg-179-0\"  class=\"panel-grid panel-no-style\" ><div id=\"pgc-179-0-0\"  class=\"panel-grid-cell\" ><div id=\"panel-179-0-0-0\" class=\"so-panel widget widget_sow-editor panel-first-child panel-last-child\" data-index=\"0\" ><div class=\"so-widget-sow-editor so-widget-sow-editor-base\">\n<div class=\"siteorigin-widget-tinymce textwidget\">\n\t<p>A Chi Kung a k\u00ednai kult\u00fara nagyszer\u0171 hagyom\u00e1nya. <br \/>A Chi Kung szavak jelent\u00e9se:<br \/>A Chi energia<br \/>megtal\u00e1lhat\u00f3 az univerzumban, a f\u00f6ldben, \u00e9s minden \u00e9l\u0151l\u00e9nyben. <br \/>A Kung kifejez\u00e9s:<br \/>munk\u00e1lkod\u00e1st, m\u0171vel\u00e9st, fejleszt\u00e9st jelent. A Chi Kung teh\u00e1t bels\u0151 energi\u00e1nk fejleszt\u00e9s\u00e9t jelenti, bele\u00e9rtve az ir\u00e1ny\u00edt\u00e1st, \u00e9s n\u00f6vel\u00e9st is. A Chi az emberi testben meridi\u00e1nokban \u00e1ramlik. <br \/>A k\u00ednaiak t\u00f6bb ezer \u00e9ve tanulm\u00e1nyozz\u00e1k az ember \u00e9s a term\u00e9szet elemeinek \u00f6sszef\u00fcgg\u00e9seit. <br \/>Tapasztalataik alapj\u00e1n, k\u00fcl\u00f6nf\u00e9le gyakorlatokat fejlesztettek ki, amelyek seg\u00edtik a minket k\u00f6r\u00fclvev\u0151 vil\u00e1ggal val\u00f3 harmonikus egy\u00fctt\u00e9l\u00e9st. Kutat\u00e1saik alatt azt is felfedezt\u00e9k, hogy e gyakorlatok r\u00e9v\u00e9n k\u00e9pesek lehetnek saj\u00e1t energiarendszer\u00fck er\u0151s\u00edt\u00e9s\u00e9re, \u00e9s ennek a lehet\u0151s\u00e9gnek a felismer\u00e9se \u00f6szt\u00f6n\u00f6zte az \u00fajabb kutat\u00e1sokat, amelyek a Chi Kung rendk\u00edv\u00fcl hat\u00e9kony alkalmaz\u00e1sait eredm\u00e9nyezt\u00e9k, \u00e9s alkalmazt\u00e1k mind eg\u00e9szs\u00e9g\u00fck meg\u0151rz\u00e9s\u00e9re, mind harcm\u0171v\u00e9szeti teljes\u00edtm\u00e9ny\u00fck fejleszt\u00e9s\u00e9re. <br \/>A Chi Kungnak sz\u00e1mtalan k\u00fcl\u00f6nf\u00e9le fajt\u00e1ja l\u00e9tezik. L\u00e9teznek \u0151si form\u00e1i, melyek nemzed\u00e9kr\u0151l nemzed\u00e9kre, mestert\u0151l tan\u00edtv\u00e1nyra sz\u00e1lltak. Vannak olyan technik\u00e1k, melyeket az id\u0151k sor\u00e1n folyamatosan fejlesztettek, m\u00f3dos\u00edtottak, ennek megfelel\u0151en sok mester megteremtette saj\u00e1t st\u00edlus\u00e1t. <br \/>Az alapelvek azonban minden st\u00edlusban azonosak, \u00e9s az \u0151si gy\u00f6kerekb\u0151l erednek, csak gyakorlati alkalmaz\u00e1suk t\u00e9r el egym\u00e1st\u00f3l. <br \/>\u00c1ltal\u00e1noss\u00e1gban k\u00e9tf\u00e9le gyakorl\u00e1si m\u00f3dszert k\u00fcl\u00f6nb\u00f6ztet\u00fcnk meg: Wai Dan \u00e9s Nei Dan Chi Kungot. <br \/>A k\u00e9t m\u00f3dszer \u00f6sszekapcsol\u00e1sa a Tai Chi Chi Kung, amely a Tai Chi form\u00e1k \u00e9s a Chi Kung gyakorlatok speci\u00e1lis kombin\u00e1ci\u00f3ja. <\/p>\n<\/div>\n<\/div><\/div><\/div><\/div><\/div>","protected":false},"excerpt":{"rendered":"<p>A Chi Kung a k\u00ednai kult\u00fara nagyszer\u0171 hagyom\u00e1nya. A Chi Kung szavak jelent\u00e9se:A Chi energiamegtal\u00e1lhat\u00f3 az univerzumban, a f\u00f6ldben, \u00e9s minden \u00e9l\u0151l\u00e9nyben. A Kung kifejez\u00e9s:munk\u00e1lkod\u00e1st, m\u0171vel\u00e9st, fejleszt\u00e9st jelent. A Chi Kung teh\u00e1t bels\u0151 energi\u00e1nk fejleszt\u00e9s\u00e9t jelenti, bele\u00e9rtve az ir\u00e1ny\u00edt\u00e1st, \u00e9s n\u00f6vel\u00e9st is. A Chi az emberi testben meridi\u00e1nokban \u00e1ramlik. A k\u00ednaiak t\u00f6bb ezer \u00e9ve tanulm\u00e1nyozz\u00e1k&hellip;<\/p>\n","protected":false},"author":1,"featured_media":0,"parent":177,"menu_order":0,"comment_status":"closed","ping_status":"closed","template":"","meta":{"spay_email":""},"jetpack_sharing_enabled":true,"jetpack_shortlink":"https:\/\/wp.me\/P7fnlG-2T","jetpack-related-posts":[{"id":17,"url":"https:\/\/medi-chi.hu\/index.php\/szolgaltatasaink\/","url_meta":{"origin":179,"position":0},"title":"Szolg\u00e1ltat\u00e1saink","date":"2016-02-17","format":false,"excerpt":"Massz\u00e9\u00e1zster\u00e1pi\u00e1k Ahogy a stresszt\u0151l kialakulnak fizikai t\u00fcnetek, \u00fagy ezen t\u00fcnetek massz\u00e1zsal t\u00f6rt\u00e9n\u0151 kezel\u00e9se visszafele is hat, \u00e9s ellazults\u00e1got, megnyugv\u00e1st, jobb energia \u00e1raml\u00e1st hoz l\u00e9tre! Tov\u00e1bb Cranio-sacralis ter\u00e1pia A cranio-sacralis ter\u00e1pia egy k\u00fcl\u00f6nlegesen gyeng\u00e9d, m\u00e9gis rendk\u00edv\u00fcli m\u00f3don hat\u00e9kony kezel\u00e9si forma, amely a szervezet \u00f6ngy\u00f3gy\u00edt\u00f3 mechanizmusaira, term\u00e9szetes v\u00e9dekez\u0151k\u00e9pess\u00e9g\u00e9re gyakorol hat\u00e1st, mik\u00f6zben lenyugtatja\u2026","rel":"","context":"Similar post","img":{"alt_text":"","src":"","width":0,"height":0},"classes":[]},{"id":326,"url":"https:\/\/medi-chi.hu\/index.php\/szolgaltatasaink\/ful-akupunktura\/","url_meta":{"origin":179,"position":1},"title":"F\u00fcl akupunkt\u00fara","date":"2016-03-30","format":false,"excerpt":"A kezel\u00e9s sor\u00e1n a f\u00fcl mint a test teljes holografikus lenyomata ker\u00fcl stimul\u00e1l\u00e1sra t\u0171kkel, vagy elektromosan. Ennek hat\u00e1s\u00e1ra beavatkoz\u00e1s t\u00f6rt\u00e9nik a szervezet energia folyamataiba, mely j\u00f3t\u00e9konyan befoly\u00e1solja az eg\u00e9sz szervezet m\u0171k\u00f6d\u00e9s\u00e9t, gy\u00f3gyul\u00e1s\u00e1t. Az eredm\u00e9ny nagyon gyorsan jelentkezik, a t\u0171 besz\u00far\u00e1s\u00e1t k\u00f6vet\u0151 t\u00edz percen \u00a0bel\u00fcl elkezdi kifejteni pozit\u00edv hat\u00e1s\u00e1t:\u00a0 cs\u00f6kken a\u2026","rel":"","context":"Similar post","img":{"alt_text":"","src":"https:\/\/i2.wp.com\/medi-chi.hu\/wp-content\/uploads\/2016\/03\/ful-300x283.png?resize=350%2C200","width":350,"height":200},"classes":[]},{"id":15,"url":"https:\/\/medi-chi.hu\/index.php\/rolunk\/","url_meta":{"origin":179,"position":2},"title":"R\u00f3lunk","date":"2016-02-17","format":false,"excerpt":"\u00a0K\u00f6sz\u00f6ntelek kedves l\u00e1togat\u00f3! Engedd meg, hogy r\u00f6viden bemutatkozzam. Eg\u00e9szen kisgyermekkoromt\u00f3l fogva r\u00e9sz\u00e9t k\u00e9pezte az \u00e9letemnek az a gondolkod\u00e1s m\u00f3d ami miatt most itt vagyok. Vonzottak a megmagyar\u00e1zhatatlan, misztikus dolgok, mindig kerestem a \u201emi\u00e9rtekre\u201d a v\u00e1laszt a dolgok m\u00f6g\u00f6ttes m\u00e9lyebb meg\u00e9rt\u00e9s\u00e9re. Mindig figyeltem \u00e9s mindig \u201egondolkodtam, analiz\u00e1ltam\u201d\u00a0 Igen a logika \u00e9s\u2026","rel":"","context":"Similar post","img":{"alt_text":"","src":"https:\/\/i1.wp.com\/medi-chi.hu\/wp-content\/uploads\/2016\/03\/P1080721-264x300.jpg?resize=350%2C200","width":350,"height":200},"classes":[]},{"id":200,"url":"https:\/\/medi-chi.hu\/","url_meta":{"origin":179,"position":3},"title":"Kezd\u0151oldal","date":"2016-03-25","format":false,"excerpt":"\u00a0 \" Csak k\u00e9t nap van az \u00e9vben, mikor semmit sem tehetsz. Az egyik a tegnap, a m\u00e1sik a holnap. Teh\u00e1t csak a ma a megfelel\u0151 nap arra, hogy szeress, hogy higgy \u00e9s els\u0151sorban, hogy \u00e9lj! \" Dalai L\u00e1ma \u00a0 Aj\u00e1nd\u00e9kozzon b\u00e9rletet! R\u00f3lunk: A megszerzett tud\u00e1somat, tapasztalataimat a lehet\u0151 legnagyobb\u2026","rel":"","context":"Similar post","img":{"alt_text":"","src":"https:\/\/i1.wp.com\/medi-chi.hu\/wp-content\/uploads\/2016\/03\/ajandek.png?resize=350%2C200","width":350,"height":200},"classes":[]},{"id":141,"url":"https:\/\/medi-chi.hu\/index.php\/szolgaltatasaink\/szolgaltatas1\/","url_meta":{"origin":179,"position":4},"title":"Massz\u00e1zster\u00e1pi\u00e1k","date":"2016-03-22","format":false,"excerpt":"A massz\u00e1zs mindenkinek m\u00e1st jelent.. Minden ember m\u00e1st rem\u00e9l egy kezel\u00e9s sor\u00e1n. Van aki csak a f\u00e1j\u00f3 \u00e9s elgy\u00f6t\u00f6rt izmait befesz\u00fclt \u00edz\u00fcleteit szeretn\u00e9 kilaz\u00edtani, ez a leg \u00e1ltal\u00e1nosabb. Van aki egy kis megnyugv\u00e1st keres mert csak ilyenkor k\u00e9pes r\u00e1. \u00c9s m\u00e9g\u00a0sok\u00e1ig lehetne folytatni a sort\u2026 T\u00e9ny, hogy mai rohan\u00f3 vil\u00e1gunkban\u2026","rel":"","context":"Similar post","img":{"alt_text":"23","src":"https:\/\/i0.wp.com\/medi-chi.hu\/wp-content\/uploads\/2016\/04\/23.jpe?resize=350%2C200","width":350,"height":200},"classes":[]},{"id":21,"url":"https:\/\/medi-chi.hu\/index.php\/kapcsolat\/","url_meta":{"origin":179,"position":5},"title":"Kapcsolat","date":"2016-02-17","format":false,"excerpt":"Weltin Istv\u00e1n+36 30 863 0236weltin.istvan@gmail.com","rel":"","context":"Similar post","img":{"alt_text":"","src":"","width":0,"height":0},"classes":[]}],"_links":{"self":[{"href":"https:\/\/medi-chi.hu\/index.php\/wp-json\/wp\/v2\/pages\/179"}],"collection":[{"href":"https:\/\/medi-chi.hu\/index.php\/wp-json\/wp\/v2\/pages"}],"about":[{"href":"https:\/\/medi-chi.hu\/index.php\/wp-json\/wp\/v2\/types\/page"}],"author":[{"embeddable":true,"href":"https:\/\/medi-chi.hu\/index.php\/wp-json\/wp\/v2\/users\/1"}],"replies":[{"embeddable":true,"href":"https:\/\/medi-chi.hu\/index.php\/wp-json\/wp\/v2\/comments?post=179"}],"version-history":[{"count":1,"href":"https:\/\/medi-chi.hu\/index.php\/wp-json\/wp\/v2\/pages\/179\/revisions"}],"predecessor-version":[{"id":180,"href":"https:\/\/medi-chi.hu\/index.php\/wp-json\/wp\/v2\/pages\/179\/revisions\/180"}],"up":[{"embeddable":true,"href":"https:\/\/medi-chi.hu\/index.php\/wp-json\/wp\/v2\/pages\/177"}],"wp:attachment":[{"href":"https:\/\/medi-chi.hu\/index.php\/wp-json\/wp\/v2\/media?parent=179"}],"curies":[{"name":"wp","href":"https:\/\/api.w.org\/{rel}","templated":true}]}}