{"id":185,"date":"2016-03-24T12:39:57","date_gmt":"2016-03-24T12:39:57","guid":{"rendered":"http:\/\/medi-chi.hu\/?page_id=185"},"modified":"2016-03-24T12:39:57","modified_gmt":"2016-03-24T12:39:57","slug":"a-meridianok","status":"publish","type":"page","link":"https:\/\/medi-chi.hu\/index.php\/szolgaltatasaink\/a-chikung-taichi\/a-meridianok\/","title":{"rendered":"A meridi\u00e1nok"},"content":{"rendered":"<div id=\"pl-185\"  class=\"panel-layout\" ><div id=\"pg-185-0\"  class=\"panel-grid panel-no-style\" ><div id=\"pgc-185-0-0\"  class=\"panel-grid-cell\" ><div id=\"panel-185-0-0-0\" class=\"so-panel widget widget_sow-editor panel-first-child\" data-index=\"0\" ><div class=\"so-widget-sow-editor so-widget-sow-editor-base\">\n<div class=\"siteorigin-widget-tinymce textwidget\">\n\t<p>Az \u00e9leter\u0151 (Chi) csatorn\u00e1kban, a k\u00ednai hagyom\u00e1ny szerint meridi\u00e1nokban kering. A f\u0151csatorn\u00e1k m\u00e9lyen a testben \u00e9s a testfelsz\u00ednen, valamint a v\u00e9gtagokon futnak hosszanti ir\u00e1nyban. \u00d6sszek\u00f6tik a bels\u0151 szerveket, zsigereket a k\u00fcls\u0151 sz\u00f6vetekkel. A test egys\u00e9ges m\u0171k\u00f6d\u00e9s\u00e9t biztos\u00edtj\u00e1k az\u00e1ltal, hogy energi\u00e1val l\u00e1tj\u00e1k el az egyes szerveket, sz\u00f6veteket, \u00e9s \u00f6sszehangolj\u00e1k azok m\u0171k\u00f6d\u00e9s\u00e9t.\u00a0A kering\u0151 energia 2 \u00f3r\u00e1nk\u00e9nt m\u00e1s-m\u00e1s meridi\u00e1nban \u00e9ri el a tel\u00edtetts\u00e9get.\u00a0A funkcion\u00e1lis betegs\u00e9gek eredete a csatorn\u00e1kban \u00e1raml\u00f3 energia rendj\u00e9ben, harm\u00f3ni\u00e1ban be\u00e1ll\u00f3 zavar. Ha az \u00e1raml\u00e1s valahol felgyorsul, vagy lelassul, ott a v\u00e1ltoz\u00e1s k\u00f6vetkezt\u00e9ben az egyes szervek vagy l\u00e9nyegesen t\u00f6bb energi\u00e1t kapnak \u00e9s \u00edgy fesz\u00fcltt\u00e9, t\u00falterheltt\u00e9 v\u00e1lnak, vagy a sz\u00fcks\u00e9gesn\u00e9l kevesebb energia gyenges\u00e9ghez, betegs\u00e9ghez vezet.\u00a0Az egyes meridi\u00e1nok t\u00f6bb ponton is tal\u00e1lkoznak, ennek k\u00f6vetkezt\u00e9ben az energia \u00e1ram t\u00f6bb \u00faton is folyik. K\u00e9t f\u0151 ir\u00e1ny a fel\u00fcletes \u00e9s m\u00e9ly \u00e1raml\u00e1s ir\u00e1nya.\u00a01206-ban Wang Wei-Yi elk\u00e9sz\u00edtette a h\u00edres bronzembert (egy bronzb\u00f3l k\u00e9sz\u00fclt \u00fcreges szobor), amelyen pontosan megjel\u00f6lt\u00e9k a meridi\u00e1nok \u00e9s az akupunkt\u00far\u00e1s pontok hely\u00e9t.<\/p>\n<\/div>\n<\/div><\/div><div id=\"panel-185-0-0-1\" class=\"so-panel widget widget_sow-editor\" data-index=\"1\" ><div class=\"so-widget-sow-editor so-widget-sow-editor-base\"><h3 class=\"widget-title\">A f\u0151 meridi\u00e1nok:<\/h3>\n<div class=\"siteorigin-widget-tinymce textwidget\">\n\t<p>- t\u00fcd\u0151<br \/> - vastagb\u00e9l<br \/> - gyomor<br \/> - l\u00e9p-hasny\u00e1lmirigy<br \/> - sz\u00edv<br \/> - v\u00e9konyb\u00e9l<br \/> - h\u00fagyh\u00f3lyag<br \/> - vese<br \/> - kering\u00e9s \u2013 szex<br \/> - h\u00e1rmas meleg\u00edt\u0151<br \/> - epeh\u00f3lyag<br \/> - m\u00e1j <\/p>\n<\/div>\n<\/div><\/div><div id=\"panel-185-0-0-2\" class=\"so-panel widget widget_sow-editor panel-last-child\" data-index=\"2\" ><div class=\"so-widget-sow-editor so-widget-sow-editor-base\">\n<div class=\"siteorigin-widget-tinymce textwidget\">\n\t<p>Fenti sorrend jellemz\u0151 a fel\u00fcletes kering\u00e9si ir\u00e1nyra. A m\u00e9ly \u00e1raml\u00e1s ir\u00e1nya k\u00e9t k\u00f6rben:<\/p>\n<p> 1. sz\u00edv \u2013 kering\u00e9s\/szex \u2013 l\u00e9p\/hasny\u00e1lmirigy\u2013 t\u00fcd\u0151 \u2013 vese \u2013 m\u00e1j<\/p>\n<p> 2. v\u00e9konyb\u00e9l \u2013 h\u00e1rmas meleg\u00edt\u0151 \u2013 gyomor \u2013 vastagb\u00e9l \u2013 h\u00fagyh\u00f3lyag \u2013epeh\u00f3lyag.<\/p>\n<p> Fentieken k\u00edv\u00fcl figyelembe vesznek az akupunkt\u00far\u00e1ban 8 extra meridi\u00e1nt.<\/p>\n<\/div>\n<\/div><\/div><\/div><\/div><\/div>","protected":false},"excerpt":{"rendered":"<p>Az \u00e9leter\u0151 (Chi) csatorn\u00e1kban, a k\u00ednai hagyom\u00e1ny szerint meridi\u00e1nokban kering. A f\u0151csatorn\u00e1k m\u00e9lyen a testben \u00e9s a testfelsz\u00ednen, valamint a v\u00e9gtagokon futnak hosszanti ir\u00e1nyban. \u00d6sszek\u00f6tik a bels\u0151 szerveket, zsigereket a k\u00fcls\u0151 sz\u00f6vetekkel. A test egys\u00e9ges m\u0171k\u00f6d\u00e9s\u00e9t biztos\u00edtj\u00e1k az\u00e1ltal, hogy energi\u00e1val l\u00e1tj\u00e1k el az egyes szerveket, sz\u00f6veteket, \u00e9s \u00f6sszehangolj\u00e1k azok m\u0171k\u00f6d\u00e9s\u00e9t.\u00a0A kering\u0151 energia 2 \u00f3r\u00e1nk\u00e9nt m\u00e1s-m\u00e1s&hellip;<\/p>\n","protected":false},"author":1,"featured_media":0,"parent":177,"menu_order":0,"comment_status":"closed","ping_status":"closed","template":"","meta":{"spay_email":""},"jetpack_sharing_enabled":true,"jetpack_shortlink":"https:\/\/wp.me\/P7fnlG-2Z","jetpack-related-posts":[{"id":141,"url":"https:\/\/medi-chi.hu\/index.php\/szolgaltatasaink\/szolgaltatas1\/","url_meta":{"origin":185,"position":0},"title":"Massz\u00e1zster\u00e1pi\u00e1k","date":"2016-03-22","format":false,"excerpt":"A massz\u00e1zs mindenkinek m\u00e1st jelent.. Minden ember m\u00e1st rem\u00e9l egy kezel\u00e9s sor\u00e1n. Van aki csak a f\u00e1j\u00f3 \u00e9s elgy\u00f6t\u00f6rt izmait befesz\u00fclt \u00edz\u00fcleteit szeretn\u00e9 kilaz\u00edtani, ez a leg \u00e1ltal\u00e1nosabb. Van aki egy kis megnyugv\u00e1st keres mert csak ilyenkor k\u00e9pes r\u00e1. \u00c9s m\u00e9g\u00a0sok\u00e1ig lehetne folytatni a sort\u2026 T\u00e9ny, hogy mai rohan\u00f3 vil\u00e1gunkban\u2026","rel":"","context":"Similar post","img":{"alt_text":"23","src":"https:\/\/i0.wp.com\/medi-chi.hu\/wp-content\/uploads\/2016\/04\/23.jpe?resize=350%2C200","width":350,"height":200},"classes":[]},{"id":326,"url":"https:\/\/medi-chi.hu\/index.php\/szolgaltatasaink\/ful-akupunktura\/","url_meta":{"origin":185,"position":1},"title":"F\u00fcl akupunkt\u00fara","date":"2016-03-30","format":false,"excerpt":"A kezel\u00e9s sor\u00e1n a f\u00fcl mint a test teljes holografikus lenyomata ker\u00fcl stimul\u00e1l\u00e1sra t\u0171kkel, vagy elektromosan. Ennek hat\u00e1s\u00e1ra beavatkoz\u00e1s t\u00f6rt\u00e9nik a szervezet energia folyamataiba, mely j\u00f3t\u00e9konyan befoly\u00e1solja az eg\u00e9sz szervezet m\u0171k\u00f6d\u00e9s\u00e9t, gy\u00f3gyul\u00e1s\u00e1t. Az eredm\u00e9ny nagyon gyorsan jelentkezik, a t\u0171 besz\u00far\u00e1s\u00e1t k\u00f6vet\u0151 t\u00edz percen \u00a0bel\u00fcl elkezdi kifejteni pozit\u00edv hat\u00e1s\u00e1t:\u00a0 cs\u00f6kken a\u2026","rel":"","context":"Similar post","img":{"alt_text":"","src":"https:\/\/i2.wp.com\/medi-chi.hu\/wp-content\/uploads\/2016\/03\/ful-300x283.png?resize=350%2C200","width":350,"height":200},"classes":[]},{"id":17,"url":"https:\/\/medi-chi.hu\/index.php\/szolgaltatasaink\/","url_meta":{"origin":185,"position":2},"title":"Szolg\u00e1ltat\u00e1saink","date":"2016-02-17","format":false,"excerpt":"Massz\u00e9\u00e1zster\u00e1pi\u00e1k Ahogy a stresszt\u0151l kialakulnak fizikai t\u00fcnetek, \u00fagy ezen t\u00fcnetek massz\u00e1zsal t\u00f6rt\u00e9n\u0151 kezel\u00e9se visszafele is hat, \u00e9s ellazults\u00e1got, megnyugv\u00e1st, jobb energia \u00e1raml\u00e1st hoz l\u00e9tre! Tov\u00e1bb Cranio-sacralis ter\u00e1pia A cranio-sacralis ter\u00e1pia egy k\u00fcl\u00f6nlegesen gyeng\u00e9d, m\u00e9gis rendk\u00edv\u00fcli m\u00f3don hat\u00e9kony kezel\u00e9si forma, amely a szervezet \u00f6ngy\u00f3gy\u00edt\u00f3 mechanizmusaira, term\u00e9szetes v\u00e9dekez\u0151k\u00e9pess\u00e9g\u00e9re gyakorol hat\u00e1st, mik\u00f6zben lenyugtatja\u2026","rel":"","context":"Similar post","img":{"alt_text":"","src":"","width":0,"height":0},"classes":[]},{"id":15,"url":"https:\/\/medi-chi.hu\/index.php\/rolunk\/","url_meta":{"origin":185,"position":3},"title":"R\u00f3lunk","date":"2016-02-17","format":false,"excerpt":"\u00a0K\u00f6sz\u00f6ntelek kedves l\u00e1togat\u00f3! Engedd meg, hogy r\u00f6viden bemutatkozzam. Eg\u00e9szen kisgyermekkoromt\u00f3l fogva r\u00e9sz\u00e9t k\u00e9pezte az \u00e9letemnek az a gondolkod\u00e1s m\u00f3d ami miatt most itt vagyok. Vonzottak a megmagyar\u00e1zhatatlan, misztikus dolgok, mindig kerestem a \u201emi\u00e9rtekre\u201d a v\u00e1laszt a dolgok m\u00f6g\u00f6ttes m\u00e9lyebb meg\u00e9rt\u00e9s\u00e9re. Mindig figyeltem \u00e9s mindig \u201egondolkodtam, analiz\u00e1ltam\u201d\u00a0 Igen a logika \u00e9s\u2026","rel":"","context":"Similar post","img":{"alt_text":"","src":"https:\/\/i1.wp.com\/medi-chi.hu\/wp-content\/uploads\/2016\/03\/P1080721-264x300.jpg?resize=350%2C200","width":350,"height":200},"classes":[]},{"id":200,"url":"https:\/\/medi-chi.hu\/","url_meta":{"origin":185,"position":4},"title":"Kezd\u0151oldal","date":"2016-03-25","format":false,"excerpt":"\u00a0 \" Csak k\u00e9t nap van az \u00e9vben, mikor semmit sem tehetsz. Az egyik a tegnap, a m\u00e1sik a holnap. Teh\u00e1t csak a ma a megfelel\u0151 nap arra, hogy szeress, hogy higgy \u00e9s els\u0151sorban, hogy \u00e9lj! \" Dalai L\u00e1ma \u00a0 Aj\u00e1nd\u00e9kozzon b\u00e9rletet! R\u00f3lunk: A megszerzett tud\u00e1somat, tapasztalataimat a lehet\u0151 legnagyobb\u2026","rel":"","context":"Similar post","img":{"alt_text":"","src":"https:\/\/i1.wp.com\/medi-chi.hu\/wp-content\/uploads\/2016\/03\/ajandek.png?resize=350%2C200","width":350,"height":200},"classes":[]}],"_links":{"self":[{"href":"https:\/\/medi-chi.hu\/index.php\/wp-json\/wp\/v2\/pages\/185"}],"collection":[{"href":"https:\/\/medi-chi.hu\/index.php\/wp-json\/wp\/v2\/pages"}],"about":[{"href":"https:\/\/medi-chi.hu\/index.php\/wp-json\/wp\/v2\/types\/page"}],"author":[{"embeddable":true,"href":"https:\/\/medi-chi.hu\/index.php\/wp-json\/wp\/v2\/users\/1"}],"replies":[{"embeddable":true,"href":"https:\/\/medi-chi.hu\/index.php\/wp-json\/wp\/v2\/comments?post=185"}],"version-history":[{"count":1,"href":"https:\/\/medi-chi.hu\/index.php\/wp-json\/wp\/v2\/pages\/185\/revisions"}],"predecessor-version":[{"id":186,"href":"https:\/\/medi-chi.hu\/index.php\/wp-json\/wp\/v2\/pages\/185\/revisions\/186"}],"up":[{"embeddable":true,"href":"https:\/\/medi-chi.hu\/index.php\/wp-json\/wp\/v2\/pages\/177"}],"wp:attachment":[{"href":"https:\/\/medi-chi.hu\/index.php\/wp-json\/wp\/v2\/media?parent=185"}],"curies":[{"name":"wp","href":"https:\/\/api.w.org\/{rel}","templated":true}]}}