{"id":189,"date":"2016-03-24T12:47:28","date_gmt":"2016-03-24T12:47:28","guid":{"rendered":"http:\/\/medi-chi.hu\/?page_id=189"},"modified":"2016-03-24T12:47:28","modified_gmt":"2016-03-24T12:47:28","slug":"a-chi-kung-alkalmazasi-teruletei","status":"publish","type":"page","link":"https:\/\/medi-chi.hu\/index.php\/szolgaltatasaink\/a-chikung-taichi\/a-chi-kung-alkalmazasi-teruletei\/","title":{"rendered":"A Chi Kung alkalmaz\u00e1si ter\u00fcletei"},"content":{"rendered":"<div id=\"pl-189\"  class=\"panel-layout\" ><div id=\"pg-189-0\"  class=\"panel-grid panel-no-style\" ><div id=\"pgc-189-0-0\"  class=\"panel-grid-cell\" ><div id=\"panel-189-0-0-0\" class=\"so-panel widget widget_sow-editor panel-first-child\" data-index=\"0\" ><div class=\"so-widget-sow-editor so-widget-sow-editor-base\"><h3 class=\"widget-title\">Az eg\u00e9szs\u00e9g meg\u0151rz\u00e9se<\/h3>\n<div class=\"siteorigin-widget-tinymce textwidget\">\n\t<p>Az eg\u00e9szs\u00e9gmeg\u0151rz\u0151 Chi Kung st\u00edlusok c\u00e9lja a nyugalom \u00e9s az egyens\u00faly. E harm\u00f3nia birtok\u00e1ban kezdhet\u00fcnk neki, a Chi kering\u00e9s\u00e9t \u00e9s egyens\u00faly\u00e1t fenntart\u00f3 dinamikus gyakorlatoknak.<\/p>\n<p>Sok betegs\u00e9get ment\u00e1lis, \u00e9s emocion\u00e1lis t\u00falz\u00e1sok okoznak. Ezek felem\u00e9sztik az energi\u00e1t, pang\u00e1st okoznak a csatorn\u00e1kban \u00e9s szervrendszerekben, ami betegs\u00e9ghez vezet. P\u00e9ld\u00e1ul a depresszi\u00f3 gyomorfek\u00e9lyt, a harag m\u00e1jprobl\u00e9m\u00e1kat okozhat. Ebb\u0151l ismert\u00e9k fel, hogy a betegs\u00e9g elker\u00fcl\u00e9s\u00e9nek els\u0151 l\u00e9p\u00e9se a ment\u00e1lis egyens\u00faly \u00e9s laz\u00edt\u00e1s. Ez a tudat szab\u00e1lyoz\u00e1sa.<\/p>\n<p>Ebben az \u00e1llapotban a Chi automatikusan szab\u00e1lyozza \u00f6nmag\u00e1t, \u00e9s helyre\u00e1ll\u00edtja az egyens\u00falyt.<\/p>\n<p>Bizonyos mozdulatok fokozz\u00e1k a bels\u0151 szervek k\u00f6r\u00fcli Chi kering\u00e9st. Az \u00e9vszakok v\u00e1ltoz\u00e1sa \u00e9s az id\u0151j\u00e1r\u00e1s is befoly\u00e1solja energiarendszer\u00fcnket, nem is sz\u00f3lva a folyamatosan elszenvedett k\u00f6rnyezeti hat\u00e1sokr\u00f3l, valamint a testet, lelket egyar\u00e1nt puszt\u00edt\u00f3 stresszr\u0151l.<\/p>\n<p>A napi rendszeress\u00e9ggel v\u00e9gzett Chi Kung gyakorlatok lehet\u0151v\u00e9 teszik, hogy a Chi term\u00e9szetesen \u00e9s er\u0151sen \u00e1ramoljon, elt\u00e1vol\u00edtsa az akad\u00e1lyokat a meridi\u00e1nokb\u00f3l. \u00cdgy jelent\u0151s m\u00e9rt\u00e9kben megn\u00f6velj\u00fck teherb\u00edr\u00e1sunkat, immunrendszer\u00fcnk aktivit\u00e1s\u00e1t \u00e9s meg\u0151rizz\u00fck eg\u00e9szs\u00e9g\u00fcnket.<\/p>\n<\/div>\n<\/div><\/div><div id=\"panel-189-0-0-1\" class=\"so-panel widget widget_sow-editor\" data-index=\"1\" ><div class=\"so-widget-sow-editor so-widget-sow-editor-base\"><h3 class=\"widget-title\">Gy\u00f3gy\u00edt\u00e1s<\/h3>\n<div class=\"siteorigin-widget-tinymce textwidget\">\n\t<p>A Chi Kung gyakorlati alkalmaz\u00e1sainak egyik fontos eleme a betegs\u00e9gek gy\u00f3gy\u00edt\u00e1sa.<\/p>\n<p>A k\u00ednai orvosok a Chi \u00e1raml\u00e1s\u00e1r\u00f3l szerzett ismereteikre t\u00e1maszkodva addig kutattak, am\u00edg k\u00fcl\u00f6nf\u00e9le betegs\u00e9gek \u00e9s eg\u00e9szs\u00e9g\u00fcgyi probl\u00e9m\u00e1k kezel\u00e9s\u00e9re megfelel\u0151 mozg\u00e1sokat tal\u00e1ltak.<\/p>\n<p>Ezeket a gyakorlatsorozatokat mindenki \u00f6nmaga v\u00e9gzi, sorrendben \u00e9s mindig egyform\u00e1n.<\/p>\n<p>A m\u00e1sik gy\u00f3gy\u00edt\u00e1si forma a k\u00fcls\u0151 gy\u00f3gy\u00edt\u00e1s. Ebben az esetben egy gy\u00f3gy\u00edt\u00f3 kezeli a beteget, meghat\u00e1rozott sorrendben v\u00e9grehajtott k\u00e9zmozdulatok seg\u00edts\u00e9g\u00e9vel, amelyek a betegs\u00e9gek \u00e9s t\u00fcnetek f\u00fcggv\u00e9ny\u00e9ben v\u00e1ltoznak. A dinamikus Chi Kung gyakorlatok \u00e1ll\u00e1sai, l\u00e9p\u00e9sei \u00e9s mozdulatai olyan speci\u00e1lis m\u00f3don mozgatj\u00e1k az emberi testet, hogy az egyes meridi\u00e1nokban az energia\u00e1raml\u00e1s szabadd\u00e1 v\u00e1lik. V\u00e9g\u00fcl is minden f\u0151 vezet\u00e9kben szabadon \u00e9s kiegyens\u00falyozottan kering az energia a Chi Kung v\u00e9gz\u00e9se ut\u00e1n.<\/p>\n<p>Az eg\u00e9szs\u00e9gfenntart\u00f3 \u00e9s gy\u00f3gy\u00edt\u00f3 hat\u00e1s teh\u00e1t annak k\u00f6sz\u00f6nhet\u0151, hogy f\u00fcggetlen\u00fcl att\u00f3l, hogy a gyakorlat el\u0151tt volt-e energia hi\u00e1ny illetve f\u00f6l\u00f6sleges felhalmoz\u00f3d\u00e1s valamely szervben \u00e9s a hozz\u00e1tartoz\u00f3 meridi\u00e1nban, mindenhol a megfelel\u0151 id\u0151ben a megfelel\u0151 mennyis\u00e9g\u0171 Chi fog keringeni.<\/p>\n<p>Csak p\u00e9ldak\u00e9ppen n\u00e9h\u00e1ny betegs\u00e9g, amib\u0151l Chi Kunggal seg\u00edtettek meggy\u00f3gyulni k\u00ednai orvosok a betegeiknek:<\/p>\n<p>- idegkimer\u00fcl\u00e9s, idegi \u00e9s lelki egyens\u00faly megboml\u00e1sa, ingadoz\u00f3 \u00e9s magas v\u00e9rnyom\u00e1s <br \/> - l\u00e9gz\u0151szervi illetve t\u00fcd\u0151 megbeteged\u00e9s <br \/> - em\u00e9szt\u00e9si zavarok, h\u00e1nyinger, gyomorhurut, m\u00e9regtelen\u00edt\u00e9si zavarok, epe \u00e9s m\u00e1j b\u00e1ntalmak, gyomorfek\u00e9ly, p\u00fcffed\u00e9s, l\u00e9p \u00e9s hasny\u00e1lmirigy betegs\u00e9gek, hasny\u00e1lmirigy gyullad\u00e1sa, <br \/> - v\u00e9gtagok f\u00e1jdalma, iz\u00fcleti panaszok, k\u00e9zhidegs\u00e9g, k\u00e9z \u00e9s kar zsibbad\u00e1sa, izomsorvad\u00e1s nyaki csigoly\u00e1k meszesed\u00e9se, csigoly\u00e1kkal kapcsolatos panaszok, sz\u00e9d\u00fcl\u00e9s, l\u00e1t\u00e1si \u00e9s hall\u00e1si panaszok <br \/> - sz\u00edvbetegs\u00e9gek <br \/> - a gerinc elmereved\u00e9se, csigoly\u00e1k meszesed\u00e9se, elmozdul\u00e1sa, ezzel kapcsolatos kering\u00e9si zavarok, sz\u00e9d\u00fcl\u00e9s, v\u00e9gtagok gyenges\u00e9ge, v\u00e9gtagok zsibbad\u00e1sa, v\u00e9gtagok kering\u00e9si el\u00e9gtelens\u00e9ge, der\u00e9kf\u00e1jdalmak <br \/> - h\u00fagy\u00fati gyullad\u00e1sok, h\u00f3lyaghurut, vizeletcs\u00f6p\u00f6g\u00e9s, prosztata \u00e9s petef\u00e9szek rendelleness\u00e9gek, szexu\u00e1lis zavarok.<\/p>\n<\/div>\n<\/div><\/div><div id=\"panel-189-0-0-2\" class=\"so-panel widget widget_sow-editor\" data-index=\"2\" ><div class=\"so-widget-sow-editor so-widget-sow-editor-base\"><h3 class=\"widget-title\">Szex<\/h3>\n<div class=\"siteorigin-widget-tinymce textwidget\">\n\t<p>A nyugati ember sz\u00e1m\u00e1ra a szex az \u00e9let egyik legcs\u00e1b\u00edt\u00f3bb \u00e9s egyben legbonyolultabb eleme.<br \/> Egyar\u00e1nt v\u00e1lthat ki izgalmat, zavart, leverts\u00e9get, szerelmet, k\u00e9nyszert \u00e9s \u00f6r\u00f6m\u00f6t.<br \/> A nemis\u00e9gnek megvan a helye a Chi Kung rendszer\u00e9ben. A nemi egyes\u00fcl\u00e9s sor\u00e1n saj\u00e1tos energiacsere megy v\u00e9gbe. A Chi Kung az els\u0151dleges biol\u00f3giai szintr\u0151l az \u00e9rzelmi \u00e9s spiritu\u00e1lis szintre emeli a szexualit\u00e1st. Ennek az energi\u00e1nak a szab\u00e1lyoz\u00e1sa alapvet\u0151 fontoss\u00e1g\u00fa a magasabb spiritu\u00e1lis szintekre val\u00f3 eljut\u00e1shoz. T\u00fcrelemmel \u00e9s kitart\u00e1ssal felsz\u00e1molhatjuk a z\u0171rzavart, \u00e9s kifejleszthetj\u00fck magunkban ez egyik leg\u00e9rt\u00e9kesebb elemet, az igazi szeretetet.<\/p>\n<\/div>\n<\/div><\/div><div id=\"panel-189-0-0-3\" class=\"so-panel widget widget_sow-editor\" data-index=\"3\" ><div class=\"so-widget-sow-editor so-widget-sow-editor-base\"><h3 class=\"widget-title\">K\u00fcl\u00f6nleges k\u00e9pess\u00e9gek<\/h3>\n<div class=\"siteorigin-widget-tinymce textwidget\">\n\t<p>Sz\u00e1mos p\u00e9lda akad arra, hogy egyes emberek rendk\u00edv\u00fcl fejlett parapszichikus k\u00e9pess\u00e9gekkel rendelkeznek. Vannak, akik a tudom\u00e1ny jelenleg elfogadott t\u00f6rv\u00e9nyeivel nem magyar\u00e1zhat\u00f3 dolgokra k\u00e9pesek. Az ut\u00f3bbi id\u0151ben jelent\u0151sen megn\u0151tt az \u00e9rdekl\u0151d\u00e9s az ilyen jelens\u00e9gek ir\u00e1nt.<\/p>\n<p>Tudom\u00e1nyos int\u00e9zetekben k\u00eds\u00e9rletek indultak k\u00fcl\u00f6nleges k\u00e9pess\u00e9g\u0171 emberekkel, k\u00f6zt\u00fck sz\u00e1mos Chi Kung mesterrel. Az ilyen k\u00e9pess\u00e9gek vizsg\u00e1lat\u00e1n\u00e1l figyelembe kell venni, hogy mindez megszokott \u00e9rz\u00e9kel\u00e9s\u00fcnk feletti szinteken t\u00f6rt\u00e9nik. Olyan l\u00e9tez\u00e9sform\u00e1kkal \u00e9s \u00e9rz\u00e9kel\u00e9sm\u00f3dokkal \u00e1llunk szemben, amelyek teljesen k\u00fcl\u00f6nb\u00f6znek az \u00e1ltalunk megszokott\u00f3l.<\/p>\n<p>M\u00e1sk\u00e9nt \u00e9rz\u00e9kelik az id\u0151t \u00e9s a teret, m\u00e1s tudat\u00e1llapotba jutva l\u00e1tj\u00e1k a m\u00faltat \u00e9s a j\u00f6v\u0151t, olvasnak m\u00e1sok gondolataiban, k\u00e9pesek nagy t\u00e1vols\u00e1gra lev\u0151 dolgokat befoly\u00e1solni.<\/p>\n<p>Mindez \u00e9rz\u00e9kszerveink eredend\u0151 term\u00e9szet\u00e9vel kapcsolatos, melyek csak korl\u00e1tozott m\u00e9rt\u00e9kben k\u00e9pesek a val\u00f3s\u00e1g \u00e9rz\u00e9kel\u00e9s\u00e9re. Kitart\u00f3 gyakorl\u00e1ssal el\u00e9rhetj\u00fck hogy \u00e9rz\u00e9keinket a szok\u00e1sost\u00f3l elt\u00e9r\u0151 \u201efrekvenci\u00e1ra\u201d hangolva term\u00e9szetfeletti dolgokra legy\u00fcnk k\u00e9pesek. A magasabb szinteken lev\u0151 Chi Kung gyakorl\u00f3k k\u00e9pesek p\u00e9ld\u00e1ul k\u00fcl\u00f6nb\u00f6z\u0151 nagys\u00e1g\u00fa Chi mez\u0151t l\u00e9trehozni. Ezzel tal\u00e1lkozhatunk a s\u00e9rthetetlens\u00e9g demonstr\u00e1ci\u00f3i k\u00f6zben.<\/p>\n<p>Mindenki k\u00e9pes arra, hogy saj\u00e1t k\u00e9pess\u00e9geit kifejlessze, \u00e9s a Chi Kung p\u00e1ratlan seg\u00edts\u00e9g ebben.<\/p>\n<\/div>\n<\/div><\/div><div id=\"panel-189-0-0-4\" class=\"so-panel widget widget_sow-editor\" data-index=\"4\" ><div class=\"so-widget-sow-editor so-widget-sow-editor-base\"><h3 class=\"widget-title\">Spiritu\u00e1lis fejl\u0151d\u00e9s<\/h3>\n<div class=\"siteorigin-widget-tinymce textwidget\">\n\t<p>A spiritu\u00e1lis fejl\u0151d\u00e9sre val\u00f3 t\u00f6rekv\u00e9s minden kult\u00far\u00e1ban fellelhet\u0151. Szigor\u00faan \u0151rizt\u00e9k spiritu\u00e1lis titkaikat, \u00e9s csak a pr\u00f3b\u00e1kat ki\u00e1llt kiv\u00e1lasztottak el\u0151tt fedt\u00e9k fel azokat.<\/p>\n<p>A Chi Kungban az ilyen praktik\u00e1kat \u201ebels\u0151 alk\u00edmia\u201d n\u00e9ven ismerik. Ezek nagyon magas szint\u0171 gyakorlatok, melyek \u00e1ltal a gyakorl\u00f3 magasabb l\u00e9tszintekre emelkedhet.<\/p>\n<p>A taoista hagyom\u00e1ny h\u00e1rom testet k\u00fcl\u00f6nb\u00f6ztet meg: fizikait, \u00e9rzelmit \u00e9s spiritu\u00e1lisat.<\/p>\n<p>Ezeket speci\u00e1lis gyakorlatokkal fejleszthetj\u00fck. Energi\u00e1nk frekvenci\u00e1j\u00e1nak \u00e9s mennyis\u00e9g\u00e9nek n\u00f6vel\u00e9s\u00e9vel spiritu\u00e1lis testet alkothatunk. Ez sokszor medit\u00e1ci\u00f3 k\u00f6zben, spont\u00e1n k\u00f6vetkezik be.<\/p>\n<p>Ekk\u00e9ppen fejlesztik taoista szerzetesek a kolostorokban spiritu\u00e1lis test\u00fcket, finom\u00edtj\u00e1k energi\u00e1jukat. Ez\u00e9rt \u00e1br\u00e1zolj\u00e1k k\u00fcl\u00f6nf\u00e9le kult\u00far\u00e1kban a szenteket, magas spiritu\u00e1lis szint\u0171 embereket a fej\u00fck felett, vagy az eg\u00e9sz test\u00fck k\u00f6r\u00fcl dicsf\u00e9nnyel. Mivel ezek az emberek a szok\u00e1sosn\u00e1l magasabb szinteken l\u00e9teznek, test\u00fck t\u00e9nylegesen fotonokat bocs\u00e1t ki.<\/p>\n<p>K\u00fcl\u00f6nf\u00e9le technik\u00e1kkal finom\u00edtj\u00e1k, tiszt\u00edtj\u00e1k magukat, s \u00edgy egyre magasabb energiaszintekre emelkedhetnek. A szem sz\u00e1m\u00e1ra l\u00e1thatatlan \u00e9rzelmi \u00e9s spiritu\u00e1lis test\u00fcket m\u0171velik, ami alapvet\u0151 felt\u00e9tele minden spiritu\u00e1lis gyakorlatnak.<\/p>\n<\/div>\n<\/div><\/div><div id=\"panel-189-0-0-5\" class=\"so-panel widget widget_sow-editor\" data-index=\"5\" ><div class=\"so-widget-sow-editor so-widget-sow-editor-base\"><h3 class=\"widget-title\">Megvil\u00e1gosod\u00e1s (Buddhas\u00e1g)<\/h3>\n<div class=\"siteorigin-widget-tinymce textwidget\">\n\t<p>A taoist\u00e1k \u00e9s buddhist\u00e1k az \u00e1tlagember\u00e9t messze meghalad\u00f3 k\u00e9pess\u00e9gek el\u00e9r\u00e9s\u00e9re haszn\u00e1lj\u00e1k a Chi Kungot. A megvil\u00e1gosod\u00e1sra t\u00f6rekednek, amit a buddhist\u00e1k Buddhas\u00e1gnak neveznek. Keresik a mindennapi szenved\u00e9s f\u00f6l\u00e9 emelked\u00e9s \u00e9s az \u00e1lland\u00f3 \u00fajj\u00e1sz\u00fclet\u00e9sek k\u00f6rforg\u00e1s\u00e1b\u00f3l val\u00f3 megszabadul\u00e1s \u00fatj\u00e1t.<\/p>\n<p>Az ilyen jelleg\u0171 gyakorlatoknak megvannak a p\u00e1rhuzamai a tibeti, a buddhista, a kereszt\u00e9ny \u00e9s egy\u00e9b spiritu\u00e1lis hagyom\u00e1nyokban szerte a vil\u00e1gon. B\u00e1r a hal\u00e1l miszt\u00e9riumait sohasem ismerhetj\u00fck meg teljes m\u00e9lys\u00e9g\u00fckben, a taoist\u00e1k m\u00e9gis teljes magyar\u00e1zattal szolg\u00e1lhatnak e t\u00e9m\u00e1ban.<\/p>\n<\/div>\n<\/div><\/div><div id=\"panel-189-0-0-6\" class=\"so-panel widget widget_sow-editor panel-last-child\" data-index=\"6\" ><div class=\"so-widget-sow-editor so-widget-sow-editor-base\"><h3 class=\"widget-title\">Harcm\u0171v\u00e9szetek<\/h3>\n<div class=\"siteorigin-widget-tinymce textwidget\">\n\t<p>A Liang-dinasztia idej\u00e9n (502-557) \u00e9rkezett a Shaolin kolostorba egy buddhista szerzetes, Da Mo (Bodhidharma). Azt l\u00e1tta, hogy a szerzetesek gyeng\u00e9k, fizikai \u00e1llapotuk teljesen leromlott. Elvonult, kilenc \u00e9ven \u00e1t mag\u00e1nyosan medit\u00e1lt, \u00e9s visszat\u00e9r\u00e9se ut\u00e1n k\u00e9t k\u00f6nyvet \u00edrt. Az egyik, a Yi Gin Ching, ma is l\u00e9tezik. Ennek a k\u00f6nyvnek a gyakorlatai egy Chi Kung formagyakorlatot alkotnak, aminek a gyakorl\u00e1s\u00e1val a szerzetesek jelent\u0151sen meger\u0151s\u00f6dtek. Ezt az edz\u00e9st beillesztett\u00e9k a harcm\u0171v\u00e9szeti formagyakorlatokba, \u00edgy ez lett a Chi Kung els\u0151 ismert harcm\u0171v\u00e9szeti alkalmaz\u00e1sa.<\/p>\n<p>A harci m\u0171v\u00e9szetek gyakorl\u00e1s\u00e1ra nagy sz\u00fcks\u00e9g volt a templomi tulajdon \u00e9s az utaz\u00e1sok biztons\u00e1ga \u00e9rdek\u00e9ben. Ekkor sz\u00e9les k\u00f6r\u0171 kutat\u00e1s \u00e9s fejleszt\u00e9s kezd\u0151d\u00f6tt a Chi Kung harcm\u0171v\u00e9szeti \u00e9s Chi fejleszt\u0151 alkalmaz\u00e1sai ter\u00fclet\u00e9n. Amikor felismert\u00e9k, hogy a Chi kiegyens\u00falyozott \u00e9s akad\u00e1lytalan \u00e1raml\u00e1sa az \u00e9let \u00e9s a j\u00f3-l\u00e9t felt\u00e9tele, kutatni kezdt\u00e9k, hogyan lehet az ellenf\u00e9l Chi \u00e1raml\u00e1s\u00e1t befoly\u00e1solni. A harcm\u0171v\u00e9szetek mesterei meg\u00e1llap\u00edtott\u00e1k, hogy a t\u00f6bb sz\u00e1z akupunkt\u00far\u00e1s pont k\u00f6z\u00fcl 108 t\u00e1madhat\u00f3 \u00fct\u00e9ssel, nyom\u00e1ssal, fog\u00e1ssal, r\u00fag\u00e1ssal.<\/p>\n<p>A hal\u00e1lt, b\u00e9nul\u00e1st vagy eszm\u00e9letveszt\u00e9st okoz\u00f3 pont-t\u00e1mad\u00e1sokat valamint a l\u00e9gz\u00e9s \u00e9s a ver\u0151erek lez\u00e1r\u00e1s\u00e1nak technik\u00e1it a Kung Fu legmagasabb szint\u0171 m\u0171v\u00e9szet\u00e9nek tekintik. Az alkalmazott Chi Kung avatott tan\u00edtv\u00e1nya s\u00e9rthetetlenn\u00e9 v\u00e1lik a leger\u0151sebb \u00fct\u00e9sekkel, v\u00e1g\u00e1sokkal \u00e9s sz\u00far\u00e1sokkal szemben. A Kung Fu-ban ezt Tiea Bu Shan-nak (p\u00e1nc\u00e9ling) vagy Gin Chung Tsao-nak (aranyharang) nevezik. Ezt \u00fagy \u00e9rik el, hogy a Chit egy speci\u00e1lis ter\u00fcletre \u00f6sszpontos\u00edtj\u00e1k, minim\u00e1lisra cs\u00f6kkentve a s\u00e9r\u00fcl\u00e9seket. Ezt az edz\u00e9st\u00edpust m\u00e1ig is gyakorolj\u00e1k \u00e9s kutatj\u00e1k.<\/p>\n<\/div>\n<\/div><\/div><\/div><\/div><\/div>","protected":false},"excerpt":{"rendered":"<p>Az eg\u00e9szs\u00e9gmeg\u0151rz\u0151 Chi Kung st\u00edlusok c\u00e9lja a nyugalom \u00e9s az egyens\u00faly. E harm\u00f3nia birtok\u00e1ban kezdhet\u00fcnk neki, a Chi kering\u00e9s\u00e9t \u00e9s egyens\u00faly\u00e1t fenntart\u00f3 dinamikus gyakorlatoknak.Sok betegs\u00e9get ment\u00e1lis, \u00e9s emocion\u00e1lis t\u00falz\u00e1sok okoznak. Ezek felem\u00e9sztik az energi\u00e1t, pang\u00e1st okoznak a csatorn\u00e1kban \u00e9s szervrendszerekben, ami betegs\u00e9ghez vezet. P\u00e9ld\u00e1ul a depresszi\u00f3 gyomorfek\u00e9lyt, a harag m\u00e1jprobl\u00e9m\u00e1kat okozhat. Ebb\u0151l ismert\u00e9k fel, hogy&hellip;<\/p>\n","protected":false},"author":1,"featured_media":0,"parent":177,"menu_order":0,"comment_status":"closed","ping_status":"closed","template":"","meta":{"spay_email":""},"jetpack_sharing_enabled":true,"jetpack_shortlink":"https:\/\/wp.me\/P7fnlG-33","jetpack-related-posts":[{"id":17,"url":"https:\/\/medi-chi.hu\/index.php\/szolgaltatasaink\/","url_meta":{"origin":189,"position":0},"title":"Szolg\u00e1ltat\u00e1saink","date":"2016-02-17","format":false,"excerpt":"Massz\u00e9\u00e1zster\u00e1pi\u00e1k Ahogy a stresszt\u0151l kialakulnak fizikai t\u00fcnetek, \u00fagy ezen t\u00fcnetek massz\u00e1zsal t\u00f6rt\u00e9n\u0151 kezel\u00e9se visszafele is hat, \u00e9s ellazults\u00e1got, megnyugv\u00e1st, jobb energia \u00e1raml\u00e1st hoz l\u00e9tre! Tov\u00e1bb Cranio-sacralis ter\u00e1pia A cranio-sacralis ter\u00e1pia egy k\u00fcl\u00f6nlegesen gyeng\u00e9d, m\u00e9gis rendk\u00edv\u00fcli m\u00f3don hat\u00e9kony kezel\u00e9si forma, amely a szervezet \u00f6ngy\u00f3gy\u00edt\u00f3 mechanizmusaira, term\u00e9szetes v\u00e9dekez\u0151k\u00e9pess\u00e9g\u00e9re gyakorol hat\u00e1st, mik\u00f6zben lenyugtatja\u2026","rel":"","context":"Similar post","img":{"alt_text":"","src":"","width":0,"height":0},"classes":[]},{"id":326,"url":"https:\/\/medi-chi.hu\/index.php\/szolgaltatasaink\/ful-akupunktura\/","url_meta":{"origin":189,"position":1},"title":"F\u00fcl akupunkt\u00fara","date":"2016-03-30","format":false,"excerpt":"A kezel\u00e9s sor\u00e1n a f\u00fcl mint a test teljes holografikus lenyomata ker\u00fcl stimul\u00e1l\u00e1sra t\u0171kkel, vagy elektromosan. Ennek hat\u00e1s\u00e1ra beavatkoz\u00e1s t\u00f6rt\u00e9nik a szervezet energia folyamataiba, mely j\u00f3t\u00e9konyan befoly\u00e1solja az eg\u00e9sz szervezet m\u0171k\u00f6d\u00e9s\u00e9t, gy\u00f3gyul\u00e1s\u00e1t. Az eredm\u00e9ny nagyon gyorsan jelentkezik, a t\u0171 besz\u00far\u00e1s\u00e1t k\u00f6vet\u0151 t\u00edz percen \u00a0bel\u00fcl elkezdi kifejteni pozit\u00edv hat\u00e1s\u00e1t:\u00a0 cs\u00f6kken a\u2026","rel":"","context":"Similar post","img":{"alt_text":"","src":"https:\/\/i2.wp.com\/medi-chi.hu\/wp-content\/uploads\/2016\/03\/ful-300x283.png?resize=350%2C200","width":350,"height":200},"classes":[]},{"id":15,"url":"https:\/\/medi-chi.hu\/index.php\/rolunk\/","url_meta":{"origin":189,"position":2},"title":"R\u00f3lunk","date":"2016-02-17","format":false,"excerpt":"\u00a0K\u00f6sz\u00f6ntelek kedves l\u00e1togat\u00f3! Engedd meg, hogy r\u00f6viden bemutatkozzam. Eg\u00e9szen kisgyermekkoromt\u00f3l fogva r\u00e9sz\u00e9t k\u00e9pezte az \u00e9letemnek az a gondolkod\u00e1s m\u00f3d ami miatt most itt vagyok. Vonzottak a megmagyar\u00e1zhatatlan, misztikus dolgok, mindig kerestem a \u201emi\u00e9rtekre\u201d a v\u00e1laszt a dolgok m\u00f6g\u00f6ttes m\u00e9lyebb meg\u00e9rt\u00e9s\u00e9re. Mindig figyeltem \u00e9s mindig \u201egondolkodtam, analiz\u00e1ltam\u201d\u00a0 Igen a logika \u00e9s\u2026","rel":"","context":"Similar post","img":{"alt_text":"","src":"https:\/\/i1.wp.com\/medi-chi.hu\/wp-content\/uploads\/2016\/03\/P1080721-264x300.jpg?resize=350%2C200","width":350,"height":200},"classes":[]},{"id":141,"url":"https:\/\/medi-chi.hu\/index.php\/szolgaltatasaink\/szolgaltatas1\/","url_meta":{"origin":189,"position":3},"title":"Massz\u00e1zster\u00e1pi\u00e1k","date":"2016-03-22","format":false,"excerpt":"A massz\u00e1zs mindenkinek m\u00e1st jelent.. Minden ember m\u00e1st rem\u00e9l egy kezel\u00e9s sor\u00e1n. Van aki csak a f\u00e1j\u00f3 \u00e9s elgy\u00f6t\u00f6rt izmait befesz\u00fclt \u00edz\u00fcleteit szeretn\u00e9 kilaz\u00edtani, ez a leg \u00e1ltal\u00e1nosabb. Van aki egy kis megnyugv\u00e1st keres mert csak ilyenkor k\u00e9pes r\u00e1. \u00c9s m\u00e9g\u00a0sok\u00e1ig lehetne folytatni a sort\u2026 T\u00e9ny, hogy mai rohan\u00f3 vil\u00e1gunkban\u2026","rel":"","context":"Similar post","img":{"alt_text":"23","src":"https:\/\/i0.wp.com\/medi-chi.hu\/wp-content\/uploads\/2016\/04\/23.jpe?resize=350%2C200","width":350,"height":200},"classes":[]},{"id":200,"url":"https:\/\/medi-chi.hu\/","url_meta":{"origin":189,"position":4},"title":"Kezd\u0151oldal","date":"2016-03-25","format":false,"excerpt":"\u00a0 \" Csak k\u00e9t nap van az \u00e9vben, mikor semmit sem tehetsz. Az egyik a tegnap, a m\u00e1sik a holnap. Teh\u00e1t csak a ma a megfelel\u0151 nap arra, hogy szeress, hogy higgy \u00e9s els\u0151sorban, hogy \u00e9lj! \" Dalai L\u00e1ma \u00a0 Aj\u00e1nd\u00e9kozzon b\u00e9rletet! R\u00f3lunk: A megszerzett tud\u00e1somat, tapasztalataimat a lehet\u0151 legnagyobb\u2026","rel":"","context":"Similar post","img":{"alt_text":"","src":"https:\/\/i1.wp.com\/medi-chi.hu\/wp-content\/uploads\/2016\/03\/ajandek.png?resize=350%2C200","width":350,"height":200},"classes":[]},{"id":21,"url":"https:\/\/medi-chi.hu\/index.php\/kapcsolat\/","url_meta":{"origin":189,"position":5},"title":"Kapcsolat","date":"2016-02-17","format":false,"excerpt":"Weltin Istv\u00e1n+36 30 863 0236weltin.istvan@gmail.com","rel":"","context":"Similar post","img":{"alt_text":"","src":"","width":0,"height":0},"classes":[]}],"_links":{"self":[{"href":"https:\/\/medi-chi.hu\/index.php\/wp-json\/wp\/v2\/pages\/189"}],"collection":[{"href":"https:\/\/medi-chi.hu\/index.php\/wp-json\/wp\/v2\/pages"}],"about":[{"href":"https:\/\/medi-chi.hu\/index.php\/wp-json\/wp\/v2\/types\/page"}],"author":[{"embeddable":true,"href":"https:\/\/medi-chi.hu\/index.php\/wp-json\/wp\/v2\/users\/1"}],"replies":[{"embeddable":true,"href":"https:\/\/medi-chi.hu\/index.php\/wp-json\/wp\/v2\/comments?post=189"}],"version-history":[{"count":1,"href":"https:\/\/medi-chi.hu\/index.php\/wp-json\/wp\/v2\/pages\/189\/revisions"}],"predecessor-version":[{"id":190,"href":"https:\/\/medi-chi.hu\/index.php\/wp-json\/wp\/v2\/pages\/189\/revisions\/190"}],"up":[{"embeddable":true,"href":"https:\/\/medi-chi.hu\/index.php\/wp-json\/wp\/v2\/pages\/177"}],"wp:attachment":[{"href":"https:\/\/medi-chi.hu\/index.php\/wp-json\/wp\/v2\/media?parent=189"}],"curies":[{"name":"wp","href":"https:\/\/api.w.org\/{rel}","templated":true}]}}